{"id":7903,"date":"2026-02-03T15:56:27","date_gmt":"2026-02-03T15:56:27","guid":{"rendered":"https:\/\/www.pvl-vzw.be\/?page_id=7903"},"modified":"2026-02-03T16:02:15","modified_gmt":"2026-02-03T16:02:15","slug":"adviesverlening","status":"publish","type":"page","link":"https:\/\/www.pvl-vzw.be\/fr\/adviesverlening\/","title":{"rendered":"Conseil"},"content":{"rendered":"<div data-elementor-type=\"wp-page\" data-elementor-id=\"7903\" class=\"elementor elementor-7903\" data-elementor-post-type=\"page\">\n\t\t\t\t\t\t<section class=\"elementor-section elementor-top-section elementor-element elementor-element-aa77c27 elementor-section-height-min-height elementor-section-full_width elementor-section-items-stretch elementor-section-height-default\" data-id=\"aa77c27\" data-element_type=\"section\" data-e-type=\"section\" data-settings=\"{&quot;background_background&quot;:&quot;classic&quot;}\">\n\t\t\t\t\t\t\t<div class=\"elementor-background-overlay\"><\/div>\n\t\t\t\t\t\t\t<div class=\"elementor-container elementor-column-gap-default\">\n\t\t\t\t\t<div class=\"elementor-column elementor-col-50 elementor-top-column elementor-element elementor-element-02f56e7\" data-id=\"02f56e7\" data-element_type=\"column\" data-e-type=\"column\">\n\t\t\t<div class=\"elementor-widget-wrap elementor-element-populated\">\n\t\t\t\t\t\t<div class=\"elementor-element elementor-element-9c1f8e6 elementor-icon-list--layout-inline broodkruimels-wit elementor-list-item-link-full_width elementor-widget elementor-widget-icon-list\" data-id=\"9c1f8e6\" data-element_type=\"widget\" data-e-type=\"widget\" data-widget_type=\"icon-list.default\">\n\t\t\t\t<div class=\"elementor-widget-container\">\n\t\t\t\t\t\t\t<ul class=\"elementor-icon-list-items elementor-inline-items\">\n\t\t\t\t\t\t\t<li class=\"elementor-icon-list-item elementor-inline-item\">\n\t\t\t\t\t\t\t\t\t\t\t<a href=\"\/fr\/\">\n\n\t\t\t\t\t\t\t\t\t\t\t<span class=\"elementor-icon-list-text\">Accueil<\/span>\n\t\t\t\t\t\t\t\t\t\t\t<\/a>\n\t\t\t\t\t\t\t\t\t<\/li>\n\t\t\t\t\t\t\t\t<li class=\"elementor-icon-list-item elementor-inline-item\">\n\t\t\t\t\t\t\t\t\t\t\t<a href=\"https:\/\/www.pvl-vzw.be\/fr\/adviesverlening\/\">\n\n\t\t\t\t\t\t\t\t\t\t\t<span class=\"elementor-icon-list-text\">Conseil<\/span>\n\t\t\t\t\t\t\t\t\t\t\t<\/a>\n\t\t\t\t\t\t\t\t\t<\/li>\n\t\t\t\t\t\t<\/ul>\n\t\t\t\t\t\t<\/div>\n\t\t\t\t<\/div>\n\t\t\t\t<div class=\"elementor-element elementor-element-f9ccfcc elementor-widget elementor-widget-heading\" data-id=\"f9ccfcc\" data-element_type=\"widget\" data-e-type=\"widget\" data-widget_type=\"heading.default\">\n\t\t\t\t<div class=\"elementor-widget-container\">\n\t\t\t\t\t<h1 class=\"elementor-heading-title elementor-size-default\">Conseil<\/h1>\t\t\t\t<\/div>\n\t\t\t\t<\/div>\n\t\t\t\t\t<\/div>\n\t\t<\/div>\n\t\t\t\t<div class=\"elementor-column elementor-col-50 elementor-top-column elementor-element elementor-element-ea04fa1\" data-id=\"ea04fa1\" data-element_type=\"column\" data-e-type=\"column\">\n\t\t\t<div class=\"elementor-widget-wrap\">\n\t\t\t\t\t\t\t<\/div>\n\t\t<\/div>\n\t\t\t\t\t<\/div>\n\t\t<\/section>\n\t\t\t\t<section class=\"elementor-section elementor-top-section elementor-element elementor-element-2d46467 elementor-section-boxed elementor-section-height-default elementor-section-height-default\" data-id=\"2d46467\" data-element_type=\"section\" data-e-type=\"section\" id=\"varkenstallen\">\n\t\t\t\t\t\t<div class=\"elementor-container elementor-column-gap-default\">\n\t\t\t\t\t<div class=\"elementor-column elementor-col-100 elementor-top-column elementor-element elementor-element-030370d\" data-id=\"030370d\" data-element_type=\"column\" data-e-type=\"column\">\n\t\t\t<div class=\"elementor-widget-wrap elementor-element-populated\">\n\t\t\t\t<div class=\"elementor-element elementor-element-3c911cb e-ecs-flex e-flex e-con-boxed e-con e-parent\" data-id=\"3c911cb\" data-element_type=\"container\" data-e-type=\"container\" data-settings=\"{&quot;ecs_container_type&quot;:&quot;flex&quot;}\">\n\t\t\t\t\t<div class=\"e-con-inner\">\n\t\t\t\t<div class=\"elementor-element elementor-element-e17f5a4 elementor-widget elementor-widget-spacer\" data-id=\"e17f5a4\" data-element_type=\"widget\" data-e-type=\"widget\" data-widget_type=\"spacer.default\">\n\t\t\t\t<div class=\"elementor-widget-container\">\n\t\t\t\t\t\t\t<div class=\"elementor-spacer\">\n\t\t\t<div class=\"elementor-spacer-inner\"><\/div>\n\t\t<\/div>\n\t\t\t\t\t\t<\/div>\n\t\t\t\t<\/div>\n\t\t\t\t<div class=\"elementor-element elementor-element-2d8a1d5 elementor-widget elementor-widget-text-editor\" data-id=\"2d8a1d5\" data-element_type=\"widget\" data-e-type=\"widget\" data-widget_type=\"text-editor.default\">\n\t\t\t\t<div class=\"elementor-widget-container\">\n\t\t\t\t\t\t\t\t\t<p><strong>Le Centre de recherche et de formation agricoles s'efforce de fournir des conseils ind\u00e9pendants, en concertation avec les agriculteurs et adapt\u00e9s \u00e0 leurs besoins. En tant que centre de pratique ind\u00e9pendant, nous essayons ainsi de contribuer au maintien et au renforcement d'une agriculture \u00e9conomiquement rentable et d'un entrepreneuriat agricole innovant et durable dans le Limbourg. <\/strong><\/p><p>Pour ce faire, nous vous soutenons dans diff\u00e9rents domaines de vos activit\u00e9s. Par exemple, nous pouvons soutenir votre entreprise dans le domaine de l'efficacit\u00e9 \u00e9nerg\u00e9tique, de la purification de l'eau et de l'air, de la r\u00e9duction des \u00e9missions de gaz \u00e0 effet de serre et de l'utilisation efficace des mat\u00e9riaux, mais aussi dans le domaine de l'innovation par le biais de la recherche et du d\u00e9veloppement.<\/p><p>Nous proposons \u00e9galement des cours de formation qui vous permettront d'approfondir vos connaissances sur les derniers d\u00e9veloppements dans le domaine de l'\u00e9levage.<\/p>\t\t\t\t\t\t\t\t<\/div>\n\t\t\t\t<\/div>\n\t\t\t\t<div class=\"elementor-element elementor-element-2550df0 elementor-widget elementor-widget-spacer\" data-id=\"2550df0\" data-element_type=\"widget\" data-e-type=\"widget\" data-widget_type=\"spacer.default\">\n\t\t\t\t<div class=\"elementor-widget-container\">\n\t\t\t\t\t\t\t<div class=\"elementor-spacer\">\n\t\t\t<div class=\"elementor-spacer-inner\"><\/div>\n\t\t<\/div>\n\t\t\t\t\t\t<\/div>\n\t\t\t\t<\/div>\n\t\t\t\t\t<\/div>\n\t\t\t\t<\/div>\n\t\t\t\t\t<\/div>\n\t\t<\/div>\n\t\t\t\t\t<\/div>\n\t\t<\/section>\n\t\t<div class=\"elementor-element elementor-element-28d474e e-ecs-flex e-flex e-con-boxed e-con e-parent\" data-id=\"28d474e\" data-element_type=\"container\" data-e-type=\"container\" data-settings=\"{&quot;ecs_container_type&quot;:&quot;flex&quot;}\">\n\t\t\t\t\t<div class=\"e-con-inner\">\n\t\t\t\t<div class=\"elementor-element elementor-element-2db892b elementor-widget elementor-widget-image\" data-id=\"2db892b\" data-element_type=\"widget\" data-e-type=\"widget\" data-widget_type=\"image.default\">\n\t\t\t\t<div class=\"elementor-widget-container\">\n\t\t\t\t\t\t\t\t\t\t\t\t\t\t\t<img fetchpriority=\"high\" decoding=\"async\" width=\"605\" height=\"175\" src=\"https:\/\/www.pvl-vzw.be\/wp-content\/uploads\/2026\/02\/Afbeelding1.png\" class=\"attachment-large size-large wp-image-7895\" alt=\"\" srcset=\"https:\/\/www.pvl-vzw.be\/wp-content\/uploads\/2026\/02\/Afbeelding1.png 605w, https:\/\/www.pvl-vzw.be\/wp-content\/uploads\/2026\/02\/Afbeelding1-300x87.png 300w, https:\/\/www.pvl-vzw.be\/wp-content\/uploads\/2026\/02\/Afbeelding1-18x5.png 18w, https:\/\/www.pvl-vzw.be\/wp-content\/uploads\/2026\/02\/Afbeelding1-350x100.png 350w\" sizes=\"(max-width: 605px) 100vw, 605px\" \/>\t\t\t\t\t\t\t\t\t\t\t\t\t\t\t<\/div>\n\t\t\t\t<\/div>\n\t\t\t\t\t<\/div>\n\t\t\t\t<\/div>\n\t\t<div class=\"elementor-element elementor-element-ccdfabe e-ecs-flex e-flex e-con-boxed e-con e-parent\" data-id=\"ccdfabe\" data-element_type=\"container\" data-e-type=\"container\" data-settings=\"{&quot;ecs_container_type&quot;:&quot;flex&quot;}\">\n\t\t\t\t\t<div class=\"e-con-inner\">\n\t\t\t\t<div class=\"elementor-element elementor-element-bdb0a6b elementor-align-center elementor-widget elementor-widget-button\" data-id=\"bdb0a6b\" data-element_type=\"widget\" data-e-type=\"widget\" data-widget_type=\"button.default\">\n\t\t\t\t<div class=\"elementor-widget-container\">\n\t\t\t\t\t\t\t\t\t<div class=\"elementor-button-wrapper\">\n\t\t\t\t\t<a class=\"elementor-button elementor-button-link elementor-size-sm\" href=\"https:\/\/www.pvl-vzw.be\/wp-content\/uploads\/2026\/02\/Infobrochure-KMO-Portefeuille.pdf\">\n\t\t\t\t\t\t<span class=\"elementor-button-content-wrapper\">\n\t\t\t\t\t\t\t\t\t<span class=\"elementor-button-text\">T\u00e9l\u00e9charger la brochure Portefeuille de PME<\/span>\n\t\t\t\t\t<\/span>\n\t\t\t\t\t<\/a>\n\t\t\t\t<\/div>\n\t\t\t\t\t\t\t\t<\/div>\n\t\t\t\t<\/div>\n\t\t\t\t<div class=\"elementor-element elementor-element-f03eadf elementor-align-center elementor-widget elementor-widget-button\" data-id=\"f03eadf\" data-element_type=\"widget\" data-e-type=\"widget\" data-widget_type=\"button.default\">\n\t\t\t\t<div class=\"elementor-widget-container\">\n\t\t\t\t\t\t\t\t\t<div class=\"elementor-button-wrapper\">\n\t\t\t\t\t<a class=\"elementor-button elementor-button-link elementor-size-sm\" href=\"https:\/\/www.pvl-vzw.be\/wp-content\/uploads\/2026\/02\/Brochure-aanbod-KMO-portefeuille.pdf\">\n\t\t\t\t\t\t<span class=\"elementor-button-content-wrapper\">\n\t\t\t\t\t\t\t\t\t<span class=\"elementor-button-text\">T\u00e9l\u00e9chargez notre offre de portefeuille pour les PME ici<\/span>\n\t\t\t\t\t<\/span>\n\t\t\t\t\t<\/a>\n\t\t\t\t<\/div>\n\t\t\t\t\t\t\t\t<\/div>\n\t\t\t\t<\/div>\n\t\t\t\t<div class=\"elementor-element elementor-element-45fee7c elementor-widget elementor-widget-spacer\" data-id=\"45fee7c\" data-element_type=\"widget\" data-e-type=\"widget\" data-widget_type=\"spacer.default\">\n\t\t\t\t<div class=\"elementor-widget-container\">\n\t\t\t\t\t\t\t<div class=\"elementor-spacer\">\n\t\t\t<div class=\"elementor-spacer-inner\"><\/div>\n\t\t<\/div>\n\t\t\t\t\t\t<\/div>\n\t\t\t\t<\/div>\n\t\t\t\t\t<\/div>\n\t\t\t\t<\/div>\n\t\t<div class=\"elementor-element elementor-element-6301b06 e-ecs-flex e-flex e-con-boxed e-con e-parent\" data-id=\"6301b06\" data-element_type=\"container\" data-e-type=\"container\" data-settings=\"{&quot;ecs_container_type&quot;:&quot;flex&quot;}\">\n\t\t\t\t\t<div class=\"e-con-inner\">\n\t\t\t\t<div class=\"elementor-element elementor-element-497eeeb elementor-widget elementor-widget-text-editor\" data-id=\"497eeeb\" data-element_type=\"widget\" data-e-type=\"widget\" data-widget_type=\"text-editor.default\">\n\t\t\t\t<div class=\"elementor-widget-container\">\n\t\t\t\t\t\t\t\t\t<h4><strong>Qu'est-ce que le portefeuille PME ?<\/strong><\/h4><p>Le KMO-Portefeuille est une mesure de subvention du Gouvernement flamand qui vous permet, en tant qu'entrepreneur, d'obtenir des conseils ou de suivre une formation avec un soutien financier. Cette mesure de subvention vise \u00e0 am\u00e9liorer le fonctionnement et la qualit\u00e9 de votre entreprise.<\/p><p>Le Centre d'essai et de formation pour l'agriculture est un prestataire de services enregistr\u00e9 dans le cadre du portefeuille PME, tant pour les conseils que pour la formation. Cela signifie qu'en tant qu'entreprise ou praticien ayant un \u00e9tablissement en Flandre, vous pouvez obtenir une subvention de 20% \u00e0 30% sur les conseils et la formation que nous fournissons par le biais de cette mesure.<\/p><p>La demande de subvention via le Portefeuille PME doit \u00eatre introduite au plus tard 14 jours apr\u00e8s la date de d\u00e9but de l'activit\u00e9 (conseil ou formation). La demande de subvention peut d\u00e9j\u00e0 \u00eatre introduite d\u00e8s la signature d'une convention, m\u00eame si la mission n'a pas encore commenc\u00e9. \u00a0<\/p><h3>\u00a0<\/h3><h3><strong>Qui peut postuler pour le portefeuille PME ?<\/strong><\/h3><ul><li>La subvention peut \u00eatre demand\u00e9e par les PME, les professions lib\u00e9rales, les ind\u00e9pendants et les ind\u00e9pendants \u00e0 titre secondaire.<\/li><li>Votre entreprise doit avoir une forme juridique acceptable avec un \u00e9tablissement en Flandre.<\/li><li>Votre entreprise op\u00e8re dans le secteur priv\u00e9 et la participation d'une autorit\u00e9 administrative est inf\u00e9rieure \u00e0 25%.<\/li><li>Votre entreprise a une \u2018activit\u00e9 principale acceptable\u2019.<\/li><\/ul><p><em>La Banque-Carrefour des Entreprises (BCE) suit toutes les activit\u00e9s commerciales de votre entreprise. Celles-ci portent \u00e9galement un num\u00e9ro (code NACEBEL). Le code de votre activit\u00e9 principale figure-t-il sur la liste des activit\u00e9s principales admissibles ? Dans ce cas, vous pouvez b\u00e9n\u00e9ficier de la subvention. \u00a0\u00a0<\/em><\/p><h4>\u00a0<\/h4><h4><strong>Quels sont les conseils et les formations admissibles ?<\/strong><\/h4><p>Les services suivants sont \u00e9ligibles :<\/p><ul><li>Efficacit\u00e9 \u00e9nerg\u00e9tique<ul><li>Exp\u00e9riences en mati\u00e8re de r\u00e9seaux de chaleur<\/li><li>Panneaux solaires\/batteries pour les exploitations agricoles<\/li><\/ul><\/li><li>Purification de l'eau et de l'air<ul><li>Conseils pour la cr\u00e9ation d'une roseli\u00e8re ou d'une zone humide<\/li><li>Analyses et mesures pour d\u00e9terminer la taille d'une roseli\u00e8re ou d'une zone humide<\/li><li>Recommandations pour r\u00e9duire le ruissellement dans les cours et les silos d'une exploitation agricole<\/li><li>Pr\u00e9paration des calendriers de protection des cultures d'herbe et de ma\u00efs<\/li><li>Pr\u00e9vention et lutte contre le cyperus tuber<\/li><li>Inventaire de tuber cyperus<\/li><li>Fertilisation optimale des cultures fourrag\u00e8res (herbe, ma\u00efs, betteraves fourrag\u00e8res, c\u00e9r\u00e9ales)<\/li><\/ul><\/li><li>R\u00e9duction des \u00e9missions de gaz \u00e0 effet de serre<ul><li>Effectuer une analyse climatique pour une exploitation agricole, porcine ou bovine<\/li><li>Conseils sur les mesures d'att\u00e9nuation du changement climatique pour une exploitation agricole, porcine ou bovine<\/li><li>Conseils sur les mesures de r\u00e9duction des \u00e9missions d'azote chez les porcs<\/li><li>Strat\u00e9gies pour un travail du sol non destructeur<\/li><li>Des amendements riches en carbone pour augmenter la teneur en carbone organique<\/li><\/ul><\/li><li>Utilisation efficace des mat\u00e9riaux<ul><li>Maximiser l'efficacit\u00e9 alimentaire chez les porcs d'engraissement<\/li><li>Impact des stimulants alimentaires sur l'absorption et la production de lait<\/li><li>Analyse de la consommation d'eau potable dans les \u00e9levages de porcs<\/li><li>Renforcer les conditions et la vie du sol<\/li><\/ul><\/li><li>Recherche et d\u00e9veloppement<ul><li>Innovation, recherche et d\u00e9veloppement dans l'\u00e9levage laitier et porcin ainsi que dans la production de fourrage<\/li><li>Innovation, recherche et d\u00e9veloppement dans le traitement des d\u00e9chets r\u00e9siduels<\/li><li>Innovation, recherche et d\u00e9veloppement pour optimiser la qualit\u00e9 des sols<\/li><\/ul><\/li><\/ul><p><em>Pour plus d'explications sur les diff\u00e9rents programmes de conseil\/formation, t\u00e9l\u00e9chargez la brochure \u2018Offre de portefeuille PME\u2019 ou cliquez sur l'activit\u00e9 concern\u00e9e. <\/em><\/p><h4><strong>Qui sont nos conf\u00e9renciers et conseillers ?<\/strong><\/h4><p>Les services de conseil et de formation du Centre de recherche et de formation en agriculture sont assur\u00e9s par :<\/p><ul><li>Sander Palmans<\/li><li>Marijke Gijbels<\/li><li>Shana Clercx<\/li><li>Lore Luys<\/li><li>Stef Keppens<\/li><\/ul><p>Nos consultants\/enseignants disposent d'une expertise suffisante dans leur domaine, gr\u00e2ce \u00e0 des possibilit\u00e9s de formation suffisantes et\/ou \u00e0 des travaux de recherche bas\u00e9s sur des projets, pour se tenir au courant des derniers changements.<\/p><p><span style=\"font-style: inherit; font-weight: inherit;\">Sander Palmans (Coordinateur) :<\/span><\/p><ul><li>Qualit\u00e9 de l'eau, en particulier en ce qui concerne l'azote<\/li><li>Agriculture de pr\u00e9cision \u00e9levage<\/li><li>Contr\u00f4les d'\u00e9missions porcs<\/li><\/ul><p>Marijke Gijbels (coordinatrice adjointe) :<\/p><ul><li>Qualit\u00e9 des sols, physique, chimique et biologique<\/li><\/ul><p>Shana Clercx (chercheur en production v\u00e9g\u00e9tale) :<\/p><ul><li>Protection des cultures<\/li><li>Qualit\u00e9 et purification de l'eau, en particulier en ce qui concerne les produits phyto<\/li><\/ul><p>Lore Luys (chercheur en production v\u00e9g\u00e9tale) :<\/p><ul><li>Qualit\u00e9 de l'eau, en particulier en ce qui concerne l'azote<\/li><li>F\u00e9condation<\/li><li>Am\u00e9nagement paysager<\/li><\/ul><p>Stef Keppens (chercheur production v\u00e9g\u00e9tale + \u00e9levage) :<\/p><ul><li>Conservation de l'eau<\/li><li>Irrigation<\/li><\/ul><h4><strong>Quel est le montant des subventions ?<\/strong><\/h4><p>Le montant de la subvention est d\u00e9termin\u00e9 par la taille de votre entreprise. Une petite entreprise qui investit dans le conseil ou la formation peut obtenir une aide 30% par le biais du portefeuille PME, avec un maximum de 7 500 euros par an. Une entreprise moyenne investissant dans des conseils ou des formations peut obtenir une aide 20% par le biais du portefeuille PME, avec un maximum de 7 500 euros par an. \u00a0<\/p><p><a href=\"https:\/\/www.vlaio.be\/nl\/subsidies-financiering\/kmo-portefeuille\/hoeveel-subsidies-kan-ik-krijgen\" target=\"_blank\" rel=\"noopener\">Cliquez ici pour v\u00e9rifier les conditions g\u00e9n\u00e9rales d'une PME.<\/a><\/p><h4><strong>Comment puis-je demander une subvention ?<\/strong><\/h4><p>La demande pour le portefeuille PME doit \u00eatre faite en ligne via le site web de VLAIO. Toutefois, pour la premi\u00e8re demande de subvention, vous devez d'abord enregistrer l'entreprise sur le site web de VLAIO. Chaque demande de subvention est introduite en ligne apr\u00e8s que vous avez conclu un contrat de consultance avec votre prestataire de services ou que vous avez inscrit une personne travaillant dans votre entreprise \u00e0 une formation. Les \u00e9tapes suivantes doivent \u00eatre accomplies :<\/p><ul><li>Vous signez une convention de conseil ou vous vous inscrivez \u00e0 une formation au Centre d'essai et de formation agricole.<\/li><li>La demande de subvention se fait sur le site web de VLAIO.<\/li><\/ul><table width=\"602\"><tbody><tr><td width=\"101\"><p><strong>Service<\/strong><\/p><\/td><td width=\"161\"><p><strong>Num\u00e9ro d'enregistrement<\/strong><\/p><\/td><td width=\"340\"><p><strong>Prestataire de services<\/strong><\/p><\/td><\/tr><tr><td width=\"101\"><p>Avis<\/p><\/td><td width=\"161\"><p>DV.A246828<\/p><\/td><td width=\"340\"><p>Centre de recherche et de formation agricole<\/p><\/td><\/tr><tr><td width=\"101\"><p>Formation<\/p><\/td><td width=\"161\"><p>DV.0246827<\/p><\/td><td width=\"340\"><p>Centre de recherche et de formation agricole<\/p><\/td><\/tr><\/tbody><\/table><ul><li>Vous versez votre propre contribution sur le compte SME Portfolio de Pluxee (anciennement Sodexo) (vous recevrez le num\u00e9ro de compte par e-mail).<\/li><li>L'Agence pour l'innovation et l'entreprise d\u00e9pose \u00e9galement la subvention sur le compte du portefeuille des PME.<\/li><li>Nous fournissons nos services (conseils ou formation).<\/li><li>Vous recevez notre facture et payez en ligne via le Portefeuille PME<\/li><li>Vous pouvez consulter nos services fournis<\/li><\/ul><p><a href=\"https:\/\/www.vlaio.be\/nl\/subsidies-financiering\/kmo-portefeuille\/subsidies-aanvragen-en-ontvangen\" target=\"_blank\" rel=\"noopener\">Pour obtenir une feuille de route d\u00e9taill\u00e9e sur la mani\u00e8re de d\u00e9poser une demande de subvention, cliquez ici !<\/a><\/p>\t\t\t\t\t\t\t\t<\/div>\n\t\t\t\t<\/div>\n\t\t\t\t\t<\/div>\n\t\t\t\t<\/div>\n\t\t\t\t<\/div>","protected":false},"excerpt":{"rendered":"<p>Home Het Proef- en Vormingscentrum voor de Landbouw streeft naar onafhankelijk advies, in samenspraak met en op maat van landbouwers. Op deze manier trachten wij, als onafhankelijk praktijkcentrum, bij te dragen aan het behoud en versterking van een economische rendabele landbouw en aan het innovatief en duurzaam agrarisch ondernemerschap in Limburg. Dit doen wij door [&hellip;]<\/p>\n","protected":false},"author":1,"featured_media":0,"parent":0,"menu_order":0,"comment_status":"closed","ping_status":"closed","template":"","meta":{"_acf_changed":false,"site-sidebar-layout":"default","site-content-layout":"","ast-site-content-layout":"default","site-content-style":"default","site-sidebar-style":"default","ast-global-header-display":"","ast-banner-title-visibility":"","ast-main-header-display":"","ast-hfb-above-header-display":"","ast-hfb-below-header-display":"","ast-hfb-mobile-header-display":"","site-post-title":"disabled","ast-breadcrumbs-content":"","ast-featured-img":"","footer-sml-layout":"","ast-disable-related-posts":"","theme-transparent-header-meta":"default","adv-header-id-meta":"","stick-header-meta":"","header-above-stick-meta":"","header-main-stick-meta":"","header-below-stick-meta":"","astra-migrate-meta-layouts":"set","ast-page-background-enabled":"default","ast-page-background-meta":{"desktop":{"background-color":"","background-image":"","background-repeat":"repeat","background-position":"center center","background-size":"auto","background-attachment":"scroll","background-type":"","background-media":"","overlay-type":"","overlay-color":"","overlay-opacity":"","overlay-gradient":""},"tablet":{"background-color":"","background-image":"","background-repeat":"repeat","background-position":"center center","background-size":"auto","background-attachment":"scroll","background-type":"","background-media":"","overlay-type":"","overlay-color":"","overlay-opacity":"","overlay-gradient":""},"mobile":{"background-color":"","background-image":"","background-repeat":"repeat","background-position":"center center","background-size":"auto","background-attachment":"scroll","background-type":"","background-media":"","overlay-type":"","overlay-color":"","overlay-opacity":"","overlay-gradient":""}},"ast-content-background-meta":{"desktop":{"background-color":"var(--ast-global-color-5)","background-image":"","background-repeat":"repeat","background-position":"center center","background-size":"auto","background-attachment":"scroll","background-type":"","background-media":"","overlay-type":"","overlay-color":"","overlay-opacity":"","overlay-gradient":""},"tablet":{"background-color":"var(--ast-global-color-5)","background-image":"","background-repeat":"repeat","background-position":"center center","background-size":"auto","background-attachment":"scroll","background-type":"","background-media":"","overlay-type":"","overlay-color":"","overlay-opacity":"","overlay-gradient":""},"mobile":{"background-color":"var(--ast-global-color-5)","background-image":"","background-repeat":"repeat","background-position":"center center","background-size":"auto","background-attachment":"scroll","background-type":"","background-media":"","overlay-type":"","overlay-color":"","overlay-opacity":"","overlay-gradient":""}},"footnotes":""},"class_list":["post-7903","page","type-page","status-publish","hentry"],"acf":[],"_links":{"self":[{"href":"https:\/\/www.pvl-vzw.be\/fr\/wp-json\/wp\/v2\/pages\/7903","targetHints":{"allow":["GET"]}}],"collection":[{"href":"https:\/\/www.pvl-vzw.be\/fr\/wp-json\/wp\/v2\/pages"}],"about":[{"href":"https:\/\/www.pvl-vzw.be\/fr\/wp-json\/wp\/v2\/types\/page"}],"author":[{"embeddable":true,"href":"https:\/\/www.pvl-vzw.be\/fr\/wp-json\/wp\/v2\/users\/1"}],"replies":[{"embeddable":true,"href":"https:\/\/www.pvl-vzw.be\/fr\/wp-json\/wp\/v2\/comments?post=7903"}],"version-history":[{"count":11,"href":"https:\/\/www.pvl-vzw.be\/fr\/wp-json\/wp\/v2\/pages\/7903\/revisions"}],"predecessor-version":[{"id":7916,"href":"https:\/\/www.pvl-vzw.be\/fr\/wp-json\/wp\/v2\/pages\/7903\/revisions\/7916"}],"wp:attachment":[{"href":"https:\/\/www.pvl-vzw.be\/fr\/wp-json\/wp\/v2\/media?parent=7903"}],"curies":[{"name":"wp","href":"https:\/\/api.w.org\/{rel}","templated":true}]}}