{"id":754,"date":"2023-07-25T12:46:40","date_gmt":"2023-07-25T12:46:40","guid":{"rendered":"https:\/\/www.pvl-vzw.be\/?page_id=754"},"modified":"2023-08-03T09:31:34","modified_gmt":"2023-08-03T09:31:34","slug":"vleesvarkens","status":"publish","type":"page","link":"https:\/\/www.pvl-vzw.be\/fr\/varkens\/vleesvarkens\/","title":{"rendered":"Porcs d'engraissement"},"content":{"rendered":"<div data-elementor-type=\"wp-page\" data-elementor-id=\"754\" class=\"elementor elementor-754\" data-elementor-post-type=\"page\">\n\t\t\t\t\t\t<section class=\"elementor-section elementor-top-section elementor-element elementor-element-2d6c358 elementor-section-height-min-height elementor-section-full_width elementor-section-items-stretch elementor-section-height-default\" data-id=\"2d6c358\" data-element_type=\"section\" data-e-type=\"section\" data-settings=\"{&quot;background_background&quot;:&quot;classic&quot;}\">\n\t\t\t\t\t\t\t<div class=\"elementor-background-overlay\"><\/div>\n\t\t\t\t\t\t\t<div class=\"elementor-container elementor-column-gap-default\">\n\t\t\t\t\t<div class=\"elementor-column elementor-col-50 elementor-top-column elementor-element elementor-element-f793455\" data-id=\"f793455\" data-element_type=\"column\" data-e-type=\"column\">\n\t\t\t<div class=\"elementor-widget-wrap elementor-element-populated\">\n\t\t\t\t\t\t<div class=\"elementor-element elementor-element-dfa8b60 elementor-icon-list--layout-inline broodkruimels-wit elementor-list-item-link-full_width elementor-widget elementor-widget-icon-list\" data-id=\"dfa8b60\" data-element_type=\"widget\" data-e-type=\"widget\" data-widget_type=\"icon-list.default\">\n\t\t\t\t<div class=\"elementor-widget-container\">\n\t\t\t\t\t\t\t<ul class=\"elementor-icon-list-items elementor-inline-items\">\n\t\t\t\t\t\t\t<li class=\"elementor-icon-list-item elementor-inline-item\">\n\t\t\t\t\t\t\t\t\t\t\t<a href=\"\/fr\/\">\n\n\t\t\t\t\t\t\t\t\t\t\t<span class=\"elementor-icon-list-text\">Accueil<\/span>\n\t\t\t\t\t\t\t\t\t\t\t<\/a>\n\t\t\t\t\t\t\t\t\t<\/li>\n\t\t\t\t\t\t\t\t<li class=\"elementor-icon-list-item elementor-inline-item\">\n\t\t\t\t\t\t\t\t\t\t\t<a href=\"\/fr\/varkens\/\">\n\n\t\t\t\t\t\t\t\t\t\t\t<span class=\"elementor-icon-list-text\">Porcs<\/span>\n\t\t\t\t\t\t\t\t\t\t\t<\/a>\n\t\t\t\t\t\t\t\t\t<\/li>\n\t\t\t\t\t\t\t\t<li class=\"elementor-icon-list-item elementor-inline-item\">\n\t\t\t\t\t\t\t\t\t\t<span class=\"elementor-icon-list-text\">Porcs d'engraissement<\/span>\n\t\t\t\t\t\t\t\t\t<\/li>\n\t\t\t\t\t\t<\/ul>\n\t\t\t\t\t\t<\/div>\n\t\t\t\t<\/div>\n\t\t\t\t<div class=\"elementor-element elementor-element-68eef88 elementor-widget elementor-widget-heading\" data-id=\"68eef88\" data-element_type=\"widget\" data-e-type=\"widget\" data-widget_type=\"heading.default\">\n\t\t\t\t<div class=\"elementor-widget-container\">\n\t\t\t\t\t<h1 class=\"elementor-heading-title elementor-size-default\">Porcs d'engraissement<\/h1>\t\t\t\t<\/div>\n\t\t\t\t<\/div>\n\t\t\t\t<div class=\"elementor-element elementor-element-d69872c elementor-widget elementor-widget-text-editor\" data-id=\"d69872c\" data-element_type=\"widget\" data-e-type=\"widget\" data-widget_type=\"text-editor.default\">\n\t\t\t\t<div class=\"elementor-widget-container\">\n\t\t\t\t\t\t\t\t\t<p>Parall\u00e8lement aux essais sur les porcelets, des essais sur les porcs d'engraissement sont \u00e9galement mis en place dans 12 enclos de 10 porcs. La disposition des porcs d'engraissement se fait \u00e0 la demande du client. Les porcs d'engraissement sont toujours pes\u00e9s \u00e0 l'installation et le jour pr\u00e9c\u00e9dant l'abattage.<\/p>\t\t\t\t\t\t\t\t<\/div>\n\t\t\t\t<\/div>\n\t\t\t\t<div class=\"elementor-element elementor-element-af98302 elementor-align-left elementor-widget__width-auto elementor-widget elementor-widget-button\" data-id=\"af98302\" data-element_type=\"widget\" data-e-type=\"widget\" data-widget_type=\"button.default\">\n\t\t\t\t<div class=\"elementor-widget-container\">\n\t\t\t\t\t\t\t\t\t<div class=\"elementor-button-wrapper\">\n\t\t\t\t\t<a class=\"elementor-button elementor-button-link elementor-size-sm\" href=\"#\">\n\t\t\t\t\t\t<span class=\"elementor-button-content-wrapper\">\n\t\t\t\t\t\t\t\t\t<span class=\"elementor-button-text\">En savoir plus<\/span>\n\t\t\t\t\t<\/span>\n\t\t\t\t\t<\/a>\n\t\t\t\t<\/div>\n\t\t\t\t\t\t\t\t<\/div>\n\t\t\t\t<\/div>\n\t\t\t\t\t<\/div>\n\t\t<\/div>\n\t\t\t\t<div class=\"elementor-column elementor-col-50 elementor-top-column elementor-element elementor-element-66a3a83\" data-id=\"66a3a83\" data-element_type=\"column\" data-e-type=\"column\" data-settings=\"{&quot;background_background&quot;:&quot;classic&quot;}\">\n\t\t\t<div class=\"elementor-widget-wrap elementor-element-populated\">\n\t\t\t\t\t\t<div class=\"elementor-element elementor-element-92cddcb elementor-widget elementor-widget-heading\" data-id=\"92cddcb\" data-element_type=\"widget\" data-e-type=\"widget\" data-widget_type=\"heading.default\">\n\t\t\t\t<div class=\"elementor-widget-container\">\n\t\t\t\t\t<h2 class=\"elementor-heading-title elementor-size-default\">Projets connexes<\/h2>\t\t\t\t<\/div>\n\t\t\t\t<\/div>\n\t\t\t\t<div class=\"elementor-element elementor-element-3c8a659 elementor-icon-list--layout-traditional elementor-list-item-link-full_width elementor-widget elementor-widget-icon-list\" data-id=\"3c8a659\" data-element_type=\"widget\" data-e-type=\"widget\" data-widget_type=\"icon-list.default\">\n\t\t\t\t<div class=\"elementor-widget-container\">\n\t\t\t\t\t\t\t<ul class=\"elementor-icon-list-items\">\n\t\t\t\t\t\t\t<li class=\"elementor-icon-list-item\">\n\t\t\t\t\t\t\t\t\t\t<span class=\"elementor-icon-list-text\">Porcs sans antibiotiques (projet EIP)<\/span>\n\t\t\t\t\t\t\t\t\t<\/li>\n\t\t\t\t\t\t\t\t<li class=\"elementor-icon-list-item\">\n\t\t\t\t\t\t\t\t\t\t<span class=\"elementor-icon-list-text\">ConnectingPigs (projet EIP)<\/span>\n\t\t\t\t\t\t\t\t\t<\/li>\n\t\t\t\t\t\t\t\t<li class=\"elementor-icon-list-item\">\n\t\t\t\t\t\t\t\t\t\t<span class=\"elementor-icon-list-text\">PigID : une gestion plus efficace des \u00e9levages de porcs (VLAIO)<\/span>\n\t\t\t\t\t\t\t\t\t<\/li>\n\t\t\t\t\t\t\t\t<li class=\"elementor-icon-list-item\">\n\t\t\t\t\t\t\t\t\t\t<span class=\"elementor-icon-list-text\">Vague : Consommation d'eau dans l'\u00e9levage (accord bleu)<\/span>\n\t\t\t\t\t\t\t\t\t<\/li>\n\t\t\t\t\t\t<\/ul>\n\t\t\t\t\t\t<\/div>\n\t\t\t\t<\/div>\n\t\t\t\t\t<\/div>\n\t\t<\/div>\n\t\t\t\t\t<\/div>\n\t\t<\/section>\n\t\t\t\t<section class=\"elementor-section elementor-top-section elementor-element elementor-element-b207ed6 elementor-section-height-min-height elementor-section-items-top elementor-section-boxed elementor-section-height-default\" data-id=\"b207ed6\" data-element_type=\"section\" data-e-type=\"section\" data-settings=\"{&quot;background_background&quot;:&quot;classic&quot;}\">\n\t\t\t\t\t\t<div class=\"elementor-container elementor-column-gap-default\">\n\t\t\t\t\t<div class=\"elementor-column elementor-col-50 elementor-top-column elementor-element elementor-element-fb999ee\" data-id=\"fb999ee\" data-element_type=\"column\" data-e-type=\"column\">\n\t\t\t<div class=\"elementor-widget-wrap elementor-element-populated\">\n\t\t\t\t\t\t<div class=\"elementor-element elementor-element-e8bcc74 elementor-widget elementor-widget-heading\" data-id=\"e8bcc74\" data-element_type=\"widget\" data-e-type=\"widget\" data-widget_type=\"heading.default\">\n\t\t\t\t<div class=\"elementor-widget-container\">\n\t\t\t\t\t<h2 class=\"elementor-heading-title elementor-size-default\">Porcs d'engraissement<\/h2>\t\t\t\t<\/div>\n\t\t\t\t<\/div>\n\t\t\t\t<div class=\"elementor-element elementor-element-8418872 elementor-widget elementor-widget-text-editor\" data-id=\"8418872\" data-element_type=\"widget\" data-e-type=\"widget\" data-widget_type=\"text-editor.default\">\n\t\t\t\t<div class=\"elementor-widget-container\">\n\t\t\t\t\t\t\t\t\t<p>Parall\u00e8lement aux essais sur les porcelets, des essais sur les porcs d'engraissement sont \u00e9galement mis en place dans 12 enclos de 10 porcs. La disposition des porcs d'engraissement se fait \u00e0 la demande du client. Les porcs sont toujours pes\u00e9s \u00e0 l'installation et le jour pr\u00e9c\u00e9dant l'abattage. Des pes\u00e9es suppl\u00e9mentaires peuvent toujours \u00eatre effectu\u00e9es \u00e0 la demande du client. De cette mani\u00e8re, la croissance journali\u00e8re dans les diff\u00e9rentes phases peut \u00eatre d\u00e9termin\u00e9e.<br \/>Il est possible de donner \u00e0 chaque pigeonnier un aliment sp\u00e9cifique. Le nourrisseur dispose d'un m\u00e9langeur qui compose sp\u00e9cifiquement l'aliment pour chaque enclos. De nombreuses combinaisons de m\u00e9langes sont ainsi possibles. L'ordinateur d'alimentation d\u00e9termine la quantit\u00e9 quotidienne d'aliments administr\u00e9s, ce qui permet de contr\u00f4ler l'ingestion d'aliments en fonction de l'enclos. Les mangeoires sont \u00e9quip\u00e9es pour distribuer des granul\u00e9s, des miettes ou de la farine. Il est ainsi possible d'effectuer des comparaisons entre les diff\u00e9rents types d'aliments.<br \/>Avant l'abattage, chaque porc \u00e0 l'engrais est sp\u00e9cifiquement marqu\u00e9 de mani\u00e8re \u00e0 ce que les registres de l'abattoir concernant chaque porc \u00e0 l'engrais soient mis \u00e0 la disposition du client.<\/p><p>Outre les donn\u00e9es g\u00e9n\u00e9rales susmentionn\u00e9es, il est \u00e9galement possible de proc\u00e9der \u00e0 des d\u00e9terminations suppl\u00e9mentaires telles que le comportement, l'agressivit\u00e9, le suivi de la sant\u00e9, etc. Chaque compartiment de porcs d'engraissement dispose \u00e9galement d'un enclos d'enrichissement sp\u00e9cifique, ce qui permet d'effectuer des recherches dans ce domaine.<\/p>\t\t\t\t\t\t\t\t<\/div>\n\t\t\t\t<\/div>\n\t\t\t\t<div class=\"elementor-element elementor-element-7a5a662 elementor-widget elementor-widget-heading\" data-id=\"7a5a662\" data-element_type=\"widget\" data-e-type=\"widget\" data-widget_type=\"heading.default\">\n\t\t\t\t<div class=\"elementor-widget-container\">\n\t\t\t\t\t<h3 class=\"elementor-heading-title elementor-size-default\">D\u00e9partement des porcs charcutiers\n<\/h3>\t\t\t\t<\/div>\n\t\t\t\t<\/div>\n\t\t\t\t<div class=\"elementor-element elementor-element-85371af elementor-widget elementor-widget-text-editor\" data-id=\"85371af\" data-element_type=\"widget\" data-e-type=\"widget\" data-widget_type=\"text-editor.default\">\n\t\t\t\t<div class=\"elementor-widget-container\">\n\t\t\t\t\t\t\t\t\t<p>Le d\u00e9partement des porcs d'engraissement est enti\u00e8rement constitu\u00e9 d'un enclos en b\u00e9ton. Seules les parois sup\u00e9rieures s\u00e9parant les d\u00e9partements sont en plastique. Les cloisons entre les enclos ne sont pas compl\u00e8tement ferm\u00e9es, de sorte que les porcs des autres enclos peuvent se voir et entrer en contact les uns avec les autres. Le sol est constitu\u00e9 d'une grille en b\u00e9ton \u00e0 l'avant et \u00e0 l'arri\u00e8re, et d'un sol convexe au milieu. Il n'y a pas d'\u00e9purateur d'air dans la ferme, c'est pourquoi nous travaillons avec des parois de fosse inclin\u00e9es. Il y a \u00e9galement une mangeoire et un abreuvoir dans chaque enclos s\u00e9par\u00e9ment, ce qui nous permet d'enregistrer la consommation d'aliments par enclos. Dans le d\u00e9partement, il y a un couloir d'alimentation central avec 6 enclos de chaque c\u00f4t\u00e9 o\u00f9 se trouvent les porcs d'engraissement. Un ventilateur est plac\u00e9 au centre du d\u00e9partement, au-dessus du couloir d'alimentation. La ventilation par le plafond est utilis\u00e9e dans le d\u00e9partement.<\/p><div id=\"gallery-1\" class=\"gallery galleryid-618 gallery-columns-3 gallery-size-thumbnail\"><div id=\"gallery-1\" class=\"gallery galleryid-616 gallery-columns-3 gallery-size-thumbnail\">\u00a0<\/div><\/div>\t\t\t\t\t\t\t\t<\/div>\n\t\t\t\t<\/div>\n\t\t\t\t<div class=\"elementor-element elementor-element-88a8a91 elementor-widget elementor-widget-gallery\" data-id=\"88a8a91\" data-element_type=\"widget\" data-e-type=\"widget\" data-settings=\"{&quot;columns&quot;:3,&quot;columns_mobile&quot;:2,&quot;lazyload&quot;:&quot;yes&quot;,&quot;gallery_layout&quot;:&quot;grid&quot;,&quot;columns_tablet&quot;:2,&quot;gap&quot;:{&quot;unit&quot;:&quot;px&quot;,&quot;size&quot;:10,&quot;sizes&quot;:[]},&quot;gap_tablet&quot;:{&quot;unit&quot;:&quot;px&quot;,&quot;size&quot;:10,&quot;sizes&quot;:[]},&quot;gap_mobile&quot;:{&quot;unit&quot;:&quot;px&quot;,&quot;size&quot;:10,&quot;sizes&quot;:[]},&quot;link_to&quot;:&quot;file&quot;,&quot;aspect_ratio&quot;:&quot;3:2&quot;,&quot;overlay_background&quot;:&quot;yes&quot;,&quot;content_hover_animation&quot;:&quot;fade-in&quot;}\" data-widget_type=\"gallery.default\">\n\t\t\t\t<div class=\"elementor-widget-container\">\n\t\t\t\t\t\t\t<div class=\"elementor-gallery__container\">\n\t\t\t\t\t\t\t<a class=\"e-gallery-item elementor-gallery-item elementor-animated-content\" href=\"https:\/\/www.pvl-vzw.be\/wp-content\/uploads\/2023\/07\/2010-12-02-17.32.13.jpg\" data-elementor-open-lightbox=\"yes\" data-elementor-lightbox-slideshow=\"88a8a91\" data-elementor-lightbox-title=\"2010-12-02-17.32.13\" data-e-action-hash=\"#elementor-action%3Aaction%3Dlightbox%26settings%3DeyJpZCI6MTExNSwidXJsIjoiaHR0cHM6XC9cL3d3dy5wdmwtdnp3LmJlXC93cC1jb250ZW50XC91cGxvYWRzXC8yMDIzXC8wN1wvMjAxMC0xMi0wMi0xNy4zMi4xMy5qcGciLCJzbGlkZXNob3ciOiI4OGE4YTkxIn0%3D\">\n\t\t\t\t\t<div class=\"e-gallery-image elementor-gallery-item__image\" data-thumbnail=\"https:\/\/www.pvl-vzw.be\/wp-content\/uploads\/2023\/07\/2010-12-02-17.32.13-300x225.jpg\" data-width=\"300\" data-height=\"225\" aria-label=\"\" role=\"img\" ><\/div>\n\t\t\t\t\t\t\t\t\t\t\t<div class=\"elementor-gallery-item__overlay\"><\/div>\n\t\t\t\t\t\t\t\t\t\t\t\t\t\t<\/a>\n\t\t\t\t\t\t\t<a class=\"e-gallery-item elementor-gallery-item elementor-animated-content\" href=\"https:\/\/www.pvl-vzw.be\/wp-content\/uploads\/2023\/07\/2015-03-30-11.46.17.jpg\" data-elementor-open-lightbox=\"yes\" data-elementor-lightbox-slideshow=\"88a8a91\" data-elementor-lightbox-title=\"2015-03-30-11.46.17\" data-e-action-hash=\"#elementor-action%3Aaction%3Dlightbox%26settings%3DeyJpZCI6MTExNiwidXJsIjoiaHR0cHM6XC9cL3d3dy5wdmwtdnp3LmJlXC93cC1jb250ZW50XC91cGxvYWRzXC8yMDIzXC8wN1wvMjAxNS0wMy0zMC0xMS40Ni4xNy5qcGciLCJzbGlkZXNob3ciOiI4OGE4YTkxIn0%3D\">\n\t\t\t\t\t<div class=\"e-gallery-image elementor-gallery-item__image\" data-thumbnail=\"https:\/\/www.pvl-vzw.be\/wp-content\/uploads\/2023\/07\/2015-03-30-11.46.17-300x225.jpg\" data-width=\"300\" data-height=\"225\" aria-label=\"\" role=\"img\" ><\/div>\n\t\t\t\t\t\t\t\t\t\t\t<div class=\"elementor-gallery-item__overlay\"><\/div>\n\t\t\t\t\t\t\t\t\t\t\t\t\t\t<\/a>\n\t\t\t\t\t\t\t<a class=\"e-gallery-item elementor-gallery-item elementor-animated-content\" href=\"https:\/\/www.pvl-vzw.be\/wp-content\/uploads\/2023\/07\/2015-05-07-14.30.14.jpg\" data-elementor-open-lightbox=\"yes\" data-elementor-lightbox-slideshow=\"88a8a91\" data-elementor-lightbox-title=\"2015-05-07-14.30.14\" data-e-action-hash=\"#elementor-action%3Aaction%3Dlightbox%26settings%3DeyJpZCI6MTExNywidXJsIjoiaHR0cHM6XC9cL3d3dy5wdmwtdnp3LmJlXC93cC1jb250ZW50XC91cGxvYWRzXC8yMDIzXC8wN1wvMjAxNS0wNS0wNy0xNC4zMC4xNC5qcGciLCJzbGlkZXNob3ciOiI4OGE4YTkxIn0%3D\">\n\t\t\t\t\t<div class=\"e-gallery-image elementor-gallery-item__image\" data-thumbnail=\"https:\/\/www.pvl-vzw.be\/wp-content\/uploads\/2023\/07\/2015-05-07-14.30.14-300x225.jpg\" data-width=\"300\" data-height=\"225\" aria-label=\"\" role=\"img\" ><\/div>\n\t\t\t\t\t\t\t\t\t\t\t<div class=\"elementor-gallery-item__overlay\"><\/div>\n\t\t\t\t\t\t\t\t\t\t\t\t\t\t<\/a>\n\t\t\t\t\t\t\t<a class=\"e-gallery-item elementor-gallery-item elementor-animated-content\" href=\"https:\/\/www.pvl-vzw.be\/wp-content\/uploads\/2023\/07\/IMG_1480.jpg\" data-elementor-open-lightbox=\"yes\" data-elementor-lightbox-slideshow=\"88a8a91\" data-elementor-lightbox-title=\"IMG_1480\" data-e-action-hash=\"#elementor-action%3Aaction%3Dlightbox%26settings%3DeyJpZCI6MTExOCwidXJsIjoiaHR0cHM6XC9cL3d3dy5wdmwtdnp3LmJlXC93cC1jb250ZW50XC91cGxvYWRzXC8yMDIzXC8wN1wvSU1HXzE0ODAuanBnIiwic2xpZGVzaG93IjoiODhhOGE5MSJ9\">\n\t\t\t\t\t<div class=\"e-gallery-image elementor-gallery-item__image\" data-thumbnail=\"https:\/\/www.pvl-vzw.be\/wp-content\/uploads\/2023\/07\/IMG_1480-300x225.jpg\" data-width=\"300\" data-height=\"225\" aria-label=\"\" role=\"img\" ><\/div>\n\t\t\t\t\t\t\t\t\t\t\t<div class=\"elementor-gallery-item__overlay\"><\/div>\n\t\t\t\t\t\t\t\t\t\t\t\t\t\t<\/a>\n\t\t\t\t\t\t\t<a class=\"e-gallery-item elementor-gallery-item elementor-animated-content\" href=\"https:\/\/www.pvl-vzw.be\/wp-content\/uploads\/2023\/07\/2015-03-30-11.46.42.jpg\" data-elementor-open-lightbox=\"yes\" data-elementor-lightbox-slideshow=\"88a8a91\" data-elementor-lightbox-title=\"2015-03-30-11.46.42\" data-e-action-hash=\"#elementor-action%3Aaction%3Dlightbox%26settings%3DeyJpZCI6MTEyMSwidXJsIjoiaHR0cHM6XC9cL3d3dy5wdmwtdnp3LmJlXC93cC1jb250ZW50XC91cGxvYWRzXC8yMDIzXC8wN1wvMjAxNS0wMy0zMC0xMS40Ni40Mi5qcGciLCJzbGlkZXNob3ciOiI4OGE4YTkxIn0%3D\">\n\t\t\t\t\t<div class=\"e-gallery-image elementor-gallery-item__image\" data-thumbnail=\"https:\/\/www.pvl-vzw.be\/wp-content\/uploads\/2023\/07\/2015-03-30-11.46.42-225x300.jpg\" data-width=\"225\" data-height=\"300\" aria-label=\"\" role=\"img\" ><\/div>\n\t\t\t\t\t\t\t\t\t\t\t<div class=\"elementor-gallery-item__overlay\"><\/div>\n\t\t\t\t\t\t\t\t\t\t\t\t\t\t<\/a>\n\t\t\t\t\t<\/div>\n\t\t\t\t\t<\/div>\n\t\t\t\t<\/div>\n\t\t\t\t\t<\/div>\n\t\t<\/div>\n\t\t\t\t<div class=\"elementor-column elementor-col-50 elementor-top-column elementor-element elementor-element-e2c226d\" data-id=\"e2c226d\" data-element_type=\"column\" data-e-type=\"column\" data-settings=\"{&quot;background_background&quot;:&quot;classic&quot;}\">\n\t\t\t<div class=\"elementor-widget-wrap elementor-element-populated\">\n\t\t\t\t\t\t<div class=\"elementor-element elementor-element-94a9945 elementor-widget elementor-widget-heading\" data-id=\"94a9945\" data-element_type=\"widget\" data-e-type=\"widget\" data-widget_type=\"heading.default\">\n\t\t\t\t<div class=\"elementor-widget-container\">\n\t\t\t\t\t<h2 class=\"elementor-heading-title elementor-size-default\">En un clin d'\u0153il, nous arrivons \u00e0 l'\u00e2ge de<\/h2>\t\t\t\t<\/div>\n\t\t\t\t<\/div>\n\t\t\t\t<div class=\"elementor-element elementor-element-40b8ee6 elementor-icon-list--layout-traditional elementor-list-item-link-full_width elementor-widget elementor-widget-icon-list\" data-id=\"40b8ee6\" data-element_type=\"widget\" data-e-type=\"widget\" data-widget_type=\"icon-list.default\">\n\t\t\t\t<div class=\"elementor-widget-container\">\n\t\t\t\t\t\t\t<ul class=\"elementor-icon-list-items\">\n\t\t\t\t\t\t\t<li class=\"elementor-icon-list-item\">\n\t\t\t\t\t\t\t\t\t\t<span class=\"elementor-icon-list-text\">Troupeau de truies<\/span>\n\t\t\t\t\t\t\t\t\t<\/li>\n\t\t\t\t\t\t\t\t<li class=\"elementor-icon-list-item\">\n\t\t\t\t\t\t\t\t\t\t<span class=\"elementor-icon-list-text\">Porcelets<\/span>\n\t\t\t\t\t\t\t\t\t<\/li>\n\t\t\t\t\t\t\t\t<li class=\"elementor-icon-list-item\">\n\t\t\t\t\t\t\t\t\t\t<span class=\"elementor-icon-list-text\">Porcs d'engraissement<\/span>\n\t\t\t\t\t\t\t\t\t<\/li>\n\t\t\t\t\t\t<\/ul>\n\t\t\t\t\t\t<\/div>\n\t\t\t\t<\/div>\n\t\t\t\t\t<\/div>\n\t\t<\/div>\n\t\t\t\t\t<\/div>\n\t\t<\/section>\n\t\t\t\t<\/div>","protected":false},"excerpt":{"rendered":"<p>Home Varkens In overeenstemming met de biggenproeven worden ook de vleesvarkensproeven opgezet in 12 hokken van 10 varkens. De indeling van de vleesvarkens gebeurt op aangeven van de klant. De vleesvarkens worden steeds gewogen bij opzet en de dag voor het slachten. Lees verder Gerelateerde projecten Antibioticavrije varkens (EIP-project) ConnectingPigs (EIP-project) PigID: Effici\u00ebnter management van [&hellip;]<\/p>\n","protected":false},"author":1,"featured_media":0,"parent":722,"menu_order":0,"comment_status":"closed","ping_status":"closed","template":"","meta":{"_acf_changed":false,"site-sidebar-layout":"no-sidebar","site-content-layout":"page-builder","ast-site-content-layout":"default","site-content-style":"default","site-sidebar-style":"default","ast-global-header-display":"","ast-banner-title-visibility":"","ast-main-header-display":"","ast-hfb-above-header-display":"","ast-hfb-below-header-display":"","ast-hfb-mobile-header-display":"","site-post-title":"disabled","ast-breadcrumbs-content":"","ast-featured-img":"disabled","footer-sml-layout":"","ast-disable-related-posts":"","theme-transparent-header-meta":"default","adv-header-id-meta":"","stick-header-meta":"","header-above-stick-meta":"","header-main-stick-meta":"","header-below-stick-meta":"","astra-migrate-meta-layouts":"default","ast-page-background-enabled":"default","ast-page-background-meta":{"desktop":{"background-color":"","background-image":"","background-repeat":"repeat","background-position":"center center","background-size":"auto","background-attachment":"scroll","background-type":"","background-media":"","overlay-type":"","overlay-color":"","overlay-opacity":"","overlay-gradient":""},"tablet":{"background-color":"","background-image":"","background-repeat":"repeat","background-position":"center center","background-size":"auto","background-attachment":"scroll","background-type":"","background-media":"","overlay-type":"","overlay-color":"","overlay-opacity":"","overlay-gradient":""},"mobile":{"background-color":"","background-image":"","background-repeat":"repeat","background-position":"center center","background-size":"auto","background-attachment":"scroll","background-type":"","background-media":"","overlay-type":"","overlay-color":"","overlay-opacity":"","overlay-gradient":""}},"ast-content-background-meta":{"desktop":{"background-color":"var(--ast-global-color-5)","background-image":"","background-repeat":"repeat","background-position":"center center","background-size":"auto","background-attachment":"scroll","background-type":"","background-media":"","overlay-type":"","overlay-color":"","overlay-opacity":"","overlay-gradient":""},"tablet":{"background-color":"var(--ast-global-color-5)","background-image":"","background-repeat":"repeat","background-position":"center center","background-size":"auto","background-attachment":"scroll","background-type":"","background-media":"","overlay-type":"","overlay-color":"","overlay-opacity":"","overlay-gradient":""},"mobile":{"background-color":"var(--ast-global-color-5)","background-image":"","background-repeat":"repeat","background-position":"center center","background-size":"auto","background-attachment":"scroll","background-type":"","background-media":"","overlay-type":"","overlay-color":"","overlay-opacity":"","overlay-gradient":""}},"footnotes":""},"class_list":["post-754","page","type-page","status-publish","hentry"],"acf":[],"_links":{"self":[{"href":"https:\/\/www.pvl-vzw.be\/fr\/wp-json\/wp\/v2\/pages\/754","targetHints":{"allow":["GET"]}}],"collection":[{"href":"https:\/\/www.pvl-vzw.be\/fr\/wp-json\/wp\/v2\/pages"}],"about":[{"href":"https:\/\/www.pvl-vzw.be\/fr\/wp-json\/wp\/v2\/types\/page"}],"author":[{"embeddable":true,"href":"https:\/\/www.pvl-vzw.be\/fr\/wp-json\/wp\/v2\/users\/1"}],"replies":[{"embeddable":true,"href":"https:\/\/www.pvl-vzw.be\/fr\/wp-json\/wp\/v2\/comments?post=754"}],"version-history":[{"count":0,"href":"https:\/\/www.pvl-vzw.be\/fr\/wp-json\/wp\/v2\/pages\/754\/revisions"}],"up":[{"embeddable":true,"href":"https:\/\/www.pvl-vzw.be\/fr\/wp-json\/wp\/v2\/pages\/722"}],"wp:attachment":[{"href":"https:\/\/www.pvl-vzw.be\/fr\/wp-json\/wp\/v2\/media?parent=754"}],"curies":[{"name":"wp","href":"https:\/\/api.w.org\/{rel}","templated":true}]}}