{"id":7369,"date":"2025-12-03T10:41:22","date_gmt":"2025-12-03T10:41:22","guid":{"rendered":"https:\/\/www.pvl-vzw.be\/?page_id=7369"},"modified":"2026-02-10T16:01:49","modified_gmt":"2026-02-10T16:01:49","slug":"tools","status":"publish","type":"page","link":"https:\/\/www.pvl-vzw.be\/fr\/home\/tools\/","title":{"rendered":"Outils"},"content":{"rendered":"<div data-elementor-type=\"wp-page\" data-elementor-id=\"7369\" class=\"elementor elementor-7369\" data-elementor-post-type=\"page\">\n\t\t\t\t\t\t<section class=\"elementor-section elementor-top-section elementor-element elementor-element-a6f477a elementor-section-boxed elementor-section-height-default elementor-section-height-default\" data-id=\"a6f477a\" data-element_type=\"section\" data-e-type=\"section\">\n\t\t\t\t\t\t<div class=\"elementor-container elementor-column-gap-default\">\n\t\t\t\t\t<div class=\"elementor-column elementor-col-100 elementor-top-column elementor-element elementor-element-43760c8\" data-id=\"43760c8\" data-element_type=\"column\" data-e-type=\"column\">\n\t\t\t<div class=\"elementor-widget-wrap elementor-element-populated\">\n\t\t\t\t\t\t<div class=\"elementor-element elementor-element-2ca7a20 elementor-widget__width-initial elementor-widget elementor-widget-image\" data-id=\"2ca7a20\" data-element_type=\"widget\" data-e-type=\"widget\" data-widget_type=\"image.default\">\n\t\t\t\t<div class=\"elementor-widget-container\">\n\t\t\t\t\t\t\t\t\t\t\t\t\t\t\t<img decoding=\"async\" width=\"300\" height=\"150\" src=\"https:\/\/www.pvl-vzw.be\/wp-content\/uploads\/2025\/12\/Digitale-tools-300x150.png\" class=\"attachment-medium size-medium wp-image-7371\" alt=\"\" srcset=\"https:\/\/www.pvl-vzw.be\/wp-content\/uploads\/2025\/12\/Digitale-tools-300x150.png 300w, https:\/\/www.pvl-vzw.be\/wp-content\/uploads\/2025\/12\/Digitale-tools-1024x512.png 1024w, https:\/\/www.pvl-vzw.be\/wp-content\/uploads\/2025\/12\/Digitale-tools-768x384.png 768w, https:\/\/www.pvl-vzw.be\/wp-content\/uploads\/2025\/12\/Digitale-tools-18x9.png 18w, https:\/\/www.pvl-vzw.be\/wp-content\/uploads\/2025\/12\/Digitale-tools.png 1250w\" sizes=\"(max-width: 300px) 100vw, 300px\" \/>\t\t\t\t\t\t\t\t\t\t\t\t\t\t\t<\/div>\n\t\t\t\t<\/div>\n\t\t\t\t<div class=\"elementor-element elementor-element-00e7a8d elementor-widget elementor-widget-spacer\" data-id=\"00e7a8d\" data-element_type=\"widget\" data-e-type=\"widget\" data-widget_type=\"spacer.default\">\n\t\t\t\t<div class=\"elementor-widget-container\">\n\t\t\t\t\t\t\t<div class=\"elementor-spacer\">\n\t\t\t<div class=\"elementor-spacer-inner\"><\/div>\n\t\t<\/div>\n\t\t\t\t\t\t<\/div>\n\t\t\t\t<\/div>\n\t\t\t\t\t<\/div>\n\t\t<\/div>\n\t\t\t\t\t<\/div>\n\t\t<\/section>\n\t\t<div class=\"elementor-element elementor-element-b8e8776 e-flex e-con-boxed e-con e-parent\" data-id=\"b8e8776\" data-element_type=\"container\" data-e-type=\"container\">\n\t\t\t\t\t<div class=\"e-con-inner\">\n\t\t<div class=\"elementor-element elementor-element-96ec639 e-con-full e-flex e-con e-child\" data-id=\"96ec639\" data-element_type=\"container\" data-e-type=\"container\">\n\t\t\t\t<div class=\"elementor-element elementor-element-e5dbb28 elementor-widget elementor-widget-image\" data-id=\"e5dbb28\" data-element_type=\"widget\" data-e-type=\"widget\" data-widget_type=\"image.default\">\n\t\t\t\t<div class=\"elementor-widget-container\">\n\t\t\t\t\t\t\t\t\t\t\t\t\t\t\t\t<a href=\"https:\/\/www.pvl-vzw.be\/fr\/vruchtwisselingstool\/\">\n\t\t\t\t\t\t\t<img fetchpriority=\"high\" decoding=\"async\" width=\"1024\" height=\"768\" src=\"https:\/\/www.pvl-vzw.be\/wp-content\/uploads\/2025\/12\/20250819_114210-1024x768.jpg\" class=\"attachment-large size-large wp-image-7377\" alt=\"\" srcset=\"https:\/\/www.pvl-vzw.be\/wp-content\/uploads\/2025\/12\/20250819_114210-1024x768.jpg 1024w, https:\/\/www.pvl-vzw.be\/wp-content\/uploads\/2025\/12\/20250819_114210-300x225.jpg 300w, https:\/\/www.pvl-vzw.be\/wp-content\/uploads\/2025\/12\/20250819_114210-768x576.jpg 768w, https:\/\/www.pvl-vzw.be\/wp-content\/uploads\/2025\/12\/20250819_114210-1536x1152.jpg 1536w, https:\/\/www.pvl-vzw.be\/wp-content\/uploads\/2025\/12\/20250819_114210-2048x1536.jpg 2048w, https:\/\/www.pvl-vzw.be\/wp-content\/uploads\/2025\/12\/20250819_114210-16x12.jpg 16w\" sizes=\"(max-width: 1024px) 100vw, 1024px\" \/>\t\t\t\t\t\t\t\t<\/a>\n\t\t\t\t\t\t\t\t\t\t\t\t\t\t\t<\/div>\n\t\t\t\t<\/div>\n\t\t\t\t<\/div>\n\t\t<div class=\"elementor-element elementor-element-7ac544a e-con-full e-flex e-con e-child\" data-id=\"7ac544a\" data-element_type=\"container\" data-e-type=\"container\">\n\t\t\t\t<div class=\"elementor-element elementor-element-88d6d11 elementor-widget elementor-widget-text-editor\" data-id=\"88d6d11\" data-element_type=\"widget\" data-e-type=\"widget\" data-widget_type=\"text-editor.default\">\n\t\t\t\t<div class=\"elementor-widget-container\">\n\t\t\t\t\t\t\t\t\t<h3>Outil de rotation des cultures<p><\/p>\n<\/h3>\n<p style=\"font-size: 16px; font-style: normal; font-weight: 400; text-align: center; background-color: #f4f6f4;\">Dans le cadre du projet de d\u00e9monstration&nbsp;<em>\u2018 La rotation des cultures pour une exploitation laiti\u00e8re robuste \u2019<\/em>&nbsp;un outil pratique de rotation des cultures a \u00e9t\u00e9 d\u00e9velopp\u00e9.&nbsp;<\/p>\n<p><\/p>\t\t\t\t\t\t\t\t<\/div>\n\t\t\t\t<\/div>\n\t\t\t\t<div class=\"elementor-element elementor-element-f4d7d75 elementor-align-center elementor-widget elementor-widget-button\" data-id=\"f4d7d75\" data-element_type=\"widget\" data-e-type=\"widget\" data-widget_type=\"button.default\">\n\t\t\t\t<div class=\"elementor-widget-container\">\n\t\t\t\t\t\t\t\t\t<div class=\"elementor-button-wrapper\">\n\t\t\t\t\t<a class=\"elementor-button elementor-button-link elementor-size-sm\" href=\"https:\/\/www.pvl-vzw.be\/fr\/vruchtwisselingstool\/\">\n\t\t\t\t\t\t<span class=\"elementor-button-content-wrapper\">\n\t\t\t\t\t\t\t\t\t<span class=\"elementor-button-text\">Cliquez ici pour acc\u00e9der \u00e0 l'outil<\/span>\n\t\t\t\t\t<\/span>\n\t\t\t\t\t<\/a>\n\t\t\t\t<\/div>\n\t\t\t\t\t\t\t\t<\/div>\n\t\t\t\t<\/div>\n\t\t\t\t<\/div>\n\t\t\t\t\t<\/div>\n\t\t\t\t<\/div>\n\t\t<div class=\"elementor-element elementor-element-28df8a8 e-flex e-con-boxed e-con e-parent\" data-id=\"28df8a8\" data-element_type=\"container\" data-e-type=\"container\">\n\t\t\t\t\t<div class=\"e-con-inner\">\n\t\t\t\t<div class=\"elementor-element elementor-element-eaaa737 elementor-widget elementor-widget-spacer\" data-id=\"eaaa737\" data-element_type=\"widget\" data-e-type=\"widget\" data-widget_type=\"spacer.default\">\n\t\t\t\t<div class=\"elementor-widget-container\">\n\t\t\t\t\t\t\t<div class=\"elementor-spacer\">\n\t\t\t<div class=\"elementor-spacer-inner\"><\/div>\n\t\t<\/div>\n\t\t\t\t\t\t<\/div>\n\t\t\t\t<\/div>\n\t\t\t\t\t<\/div>\n\t\t\t\t<\/div>\n\t\t<div class=\"elementor-element elementor-element-1d97b39 e-flex e-con-boxed e-con e-parent\" data-id=\"1d97b39\" data-element_type=\"container\" data-e-type=\"container\">\n\t\t\t\t\t<div class=\"e-con-inner\">\n\t\t<div class=\"elementor-element elementor-element-fe0f1fd e-con-full e-flex e-con e-child\" data-id=\"fe0f1fd\" data-element_type=\"container\" data-e-type=\"container\">\n\t\t\t\t<div class=\"elementor-element elementor-element-db1de07 elementor-widget elementor-widget-image\" data-id=\"db1de07\" data-element_type=\"widget\" data-e-type=\"widget\" data-widget_type=\"image.default\">\n\t\t\t\t<div class=\"elementor-widget-container\">\n\t\t\t\t\t\t\t\t\t\t\t\t\t\t\t\t<a href=\"https:\/\/www.pvl-vzw.be\/fr\/rekentoolveldbonen\/\">\n\t\t\t\t\t\t\t<img decoding=\"async\" width=\"1024\" height=\"819\" src=\"https:\/\/www.pvl-vzw.be\/wp-content\/uploads\/2025\/12\/20230522_161300-1-1024x819.jpg\" class=\"attachment-large size-large wp-image-7380\" alt=\"\" srcset=\"https:\/\/www.pvl-vzw.be\/wp-content\/uploads\/2025\/12\/20230522_161300-1-1024x819.jpg 1024w, https:\/\/www.pvl-vzw.be\/wp-content\/uploads\/2025\/12\/20230522_161300-1-300x240.jpg 300w, https:\/\/www.pvl-vzw.be\/wp-content\/uploads\/2025\/12\/20230522_161300-1-768x614.jpg 768w, https:\/\/www.pvl-vzw.be\/wp-content\/uploads\/2025\/12\/20230522_161300-1-1536x1229.jpg 1536w, https:\/\/www.pvl-vzw.be\/wp-content\/uploads\/2025\/12\/20230522_161300-1-2048x1638.jpg 2048w, https:\/\/www.pvl-vzw.be\/wp-content\/uploads\/2025\/12\/20230522_161300-1-15x12.jpg 15w\" sizes=\"(max-width: 1024px) 100vw, 1024px\" \/>\t\t\t\t\t\t\t\t<\/a>\n\t\t\t\t\t\t\t\t\t\t\t\t\t\t\t<\/div>\n\t\t\t\t<\/div>\n\t\t\t\t<\/div>\n\t\t<div class=\"elementor-element elementor-element-79f8aeb e-con-full e-flex e-con e-child\" data-id=\"79f8aeb\" data-element_type=\"container\" data-e-type=\"container\">\n\t\t\t\t<div class=\"elementor-element elementor-element-298bdd1 elementor-widget elementor-widget-text-editor\" data-id=\"298bdd1\" data-element_type=\"widget\" data-e-type=\"widget\" data-widget_type=\"text-editor.default\">\n\t\t\t\t<div class=\"elementor-widget-container\">\n\t\t\t\t\t\t\t\t\t<h3>Outil de calcul pour les haricots verts<\/h3><p style=\"font-size: 16px; font-style: normal; font-weight: 400; text-align: center; background-color: #f4f6f4;\">Dans le cadre du projet de relance\u00a0<em>\u2018 Les haricots verts, du champ \u00e0 l'alimentation animale \u2019<\/em>\u00a0un outil de calcul a \u00e9t\u00e9 d\u00e9velopp\u00e9 afin d'examiner de pr\u00e8s l'aspect financier de la culture, de l'alimentation et du grillage<\/p>\t\t\t\t\t\t\t\t<\/div>\n\t\t\t\t<\/div>\n\t\t\t\t<div class=\"elementor-element elementor-element-5bd8061 elementor-align-center elementor-widget elementor-widget-button\" data-id=\"5bd8061\" data-element_type=\"widget\" data-e-type=\"widget\" data-widget_type=\"button.default\">\n\t\t\t\t<div class=\"elementor-widget-container\">\n\t\t\t\t\t\t\t\t\t<div class=\"elementor-button-wrapper\">\n\t\t\t\t\t<a class=\"elementor-button elementor-button-link elementor-size-sm\" href=\"https:\/\/www.pvl-vzw.be\/fr\/rekentoolveldbonen\/\">\n\t\t\t\t\t\t<span class=\"elementor-button-content-wrapper\">\n\t\t\t\t\t\t\t\t\t<span class=\"elementor-button-text\">Cliquez ici pour acc\u00e9der \u00e0 l'outil<\/span>\n\t\t\t\t\t<\/span>\n\t\t\t\t\t<\/a>\n\t\t\t\t<\/div>\n\t\t\t\t\t\t\t\t<\/div>\n\t\t\t\t<\/div>\n\t\t\t\t<\/div>\n\t\t\t\t\t<\/div>\n\t\t\t\t<\/div>\n\t\t<div class=\"elementor-element elementor-element-30d286e e-flex e-con-boxed e-con e-parent\" data-id=\"30d286e\" data-element_type=\"container\" data-e-type=\"container\">\n\t\t\t\t\t<div class=\"e-con-inner\">\n\t\t\t\t<div class=\"elementor-element elementor-element-dca31a8 elementor-widget elementor-widget-spacer\" data-id=\"dca31a8\" data-element_type=\"widget\" data-e-type=\"widget\" data-widget_type=\"spacer.default\">\n\t\t\t\t<div class=\"elementor-widget-container\">\n\t\t\t\t\t\t\t<div class=\"elementor-spacer\">\n\t\t\t<div class=\"elementor-spacer-inner\"><\/div>\n\t\t<\/div>\n\t\t\t\t\t\t<\/div>\n\t\t\t\t<\/div>\n\t\t\t\t\t<\/div>\n\t\t\t\t<\/div>\n\t\t<div class=\"elementor-element elementor-element-cd47271 e-flex e-con-boxed e-con e-parent\" data-id=\"cd47271\" data-element_type=\"container\" data-e-type=\"container\">\n\t\t\t\t\t<div class=\"e-con-inner\">\n\t\t<div class=\"elementor-element elementor-element-20945f8 e-con-full e-flex e-con e-child\" data-id=\"20945f8\" data-element_type=\"container\" data-e-type=\"container\">\n\t\t\t\t<div class=\"elementor-element elementor-element-d3aa5e7 elementor-widget elementor-widget-image\" data-id=\"d3aa5e7\" data-element_type=\"widget\" data-e-type=\"widget\" data-widget_type=\"image.default\">\n\t\t\t\t<div class=\"elementor-widget-container\">\n\t\t\t\t\t\t\t\t\t\t\t\t\t\t\t<img loading=\"lazy\" decoding=\"async\" width=\"733\" height=\"591\" src=\"https:\/\/www.pvl-vzw.be\/wp-content\/uploads\/2025\/12\/Schermafbeelding-2025-11-28-134940.png\" class=\"attachment-large size-large wp-image-7385\" alt=\"\" srcset=\"https:\/\/www.pvl-vzw.be\/wp-content\/uploads\/2025\/12\/Schermafbeelding-2025-11-28-134940.png 733w, https:\/\/www.pvl-vzw.be\/wp-content\/uploads\/2025\/12\/Schermafbeelding-2025-11-28-134940-300x242.png 300w, https:\/\/www.pvl-vzw.be\/wp-content\/uploads\/2025\/12\/Schermafbeelding-2025-11-28-134940-15x12.png 15w\" sizes=\"(max-width: 733px) 100vw, 733px\" \/>\t\t\t\t\t\t\t\t\t\t\t\t\t\t\t<\/div>\n\t\t\t\t<\/div>\n\t\t\t\t<\/div>\n\t\t<div class=\"elementor-element elementor-element-b1c8928 e-con-full e-flex e-con e-child\" data-id=\"b1c8928\" data-element_type=\"container\" data-e-type=\"container\">\n\t\t\t\t<div class=\"elementor-element elementor-element-72cb911 elementor-widget elementor-widget-text-editor\" data-id=\"72cb911\" data-element_type=\"widget\" data-e-type=\"widget\" data-widget_type=\"text-editor.default\">\n\t\t\t\t<div class=\"elementor-widget-container\">\n\t\t\t\t\t\t\t\t\t<h3>Scan des jus de ferme et de silo<\/h3><p style=\"font-size: 16px; font-style: normal; font-weight: 400; text-align: center; background-color: #f4f6f4;\">Dans le cadre du projet Leader <em>\u2018 La qualit\u00e9 de l'eau, une approche int\u00e9gr\u00e9e \u2019<\/em> scan des jus de ferme et de silo d\u00e9velopp\u00e9.<br \/><br \/>Ce scan identifie les am\u00e9liorations possibles dans le domaine des effluents de ferme et des effluents de silos au sein de votre entreprise. En indiquant diff\u00e9rents emplacements et en remplissant un court questionnaire, vous obtenez rapidement un aper\u00e7u des points \u00e0 am\u00e9liorer dans votre ferme et recevez des conseils pratiques sur la mani\u00e8re de les aborder. En outre, le scan fournit \u00e9galement des informations sur la l\u00e9gislation relative aux effluents de ferme et aux effluents de silos.<\/p>\t\t\t\t\t\t\t\t<\/div>\n\t\t\t\t<\/div>\n\t\t\t\t<div class=\"elementor-element elementor-element-5f68075 elementor-align-center elementor-widget elementor-widget-button\" data-id=\"5f68075\" data-element_type=\"widget\" data-e-type=\"widget\" data-widget_type=\"button.default\">\n\t\t\t\t<div class=\"elementor-widget-container\">\n\t\t\t\t\t\t\t\t\t<div class=\"elementor-button-wrapper\">\n\t\t\t\t\t<a class=\"elementor-button elementor-button-link elementor-size-sm\" href=\"https:\/\/www.erf-en-silosappen.be\/\" target=\"_blank\" rel=\"noopener\">\n\t\t\t\t\t\t<span class=\"elementor-button-content-wrapper\">\n\t\t\t\t\t\t\t\t\t<span class=\"elementor-button-text\">Cliquez ici pour acc\u00e9der \u00e0 l'outil<\/span>\n\t\t\t\t\t<\/span>\n\t\t\t\t\t<\/a>\n\t\t\t\t<\/div>\n\t\t\t\t\t\t\t\t<\/div>\n\t\t\t\t<\/div>\n\t\t\t\t<\/div>\n\t\t\t\t\t<\/div>\n\t\t\t\t<\/div>\n\t\t<div class=\"elementor-element elementor-element-4464868 e-flex e-con-boxed e-con e-parent\" data-id=\"4464868\" data-element_type=\"container\" data-e-type=\"container\">\n\t\t\t\t\t<div class=\"e-con-inner\">\n\t\t\t\t<div class=\"elementor-element elementor-element-7299f55 elementor-widget elementor-widget-spacer\" data-id=\"7299f55\" data-element_type=\"widget\" data-e-type=\"widget\" data-widget_type=\"spacer.default\">\n\t\t\t\t<div class=\"elementor-widget-container\">\n\t\t\t\t\t\t\t<div class=\"elementor-spacer\">\n\t\t\t<div class=\"elementor-spacer-inner\"><\/div>\n\t\t<\/div>\n\t\t\t\t\t\t<\/div>\n\t\t\t\t<\/div>\n\t\t\t\t\t<\/div>\n\t\t\t\t<\/div>\n\t\t\t\t<\/div>","protected":false},"excerpt":{"rendered":"<p>Vruchtwisselingstool Binnen het demonstratieproject&nbsp;\u2018Vruchtwisseling voor een robuust melkveebedrijf\u2019&nbsp;werd een praktische vruchtwisselingstool ontwikkeld.&nbsp; Klik hier voor de tool Rekentool Veldbonen Binnen het Relanceproject\u00a0\u2018Veldbonen van veld tot voer\u2019\u00a0werd een rekentool ontwikkeld om het financi\u00eble aspect van de teelt, het vervoederen en toasten onder de loep te nemen Klik hier voor de tool Erf- en Silosappen scan Binnen [&hellip;]<\/p>\n","protected":false},"author":1,"featured_media":7371,"parent":540,"menu_order":0,"comment_status":"closed","ping_status":"closed","template":"","meta":{"_acf_changed":false,"site-sidebar-layout":"default","site-content-layout":"","ast-site-content-layout":"default","site-content-style":"default","site-sidebar-style":"default","ast-global-header-display":"","ast-banner-title-visibility":"","ast-main-header-display":"","ast-hfb-above-header-display":"","ast-hfb-below-header-display":"","ast-hfb-mobile-header-display":"","site-post-title":"","ast-breadcrumbs-content":"","ast-featured-img":"","footer-sml-layout":"","ast-disable-related-posts":"","theme-transparent-header-meta":"default","adv-header-id-meta":"","stick-header-meta":"","header-above-stick-meta":"","header-main-stick-meta":"","header-below-stick-meta":"","astra-migrate-meta-layouts":"set","ast-page-background-enabled":"default","ast-page-background-meta":{"desktop":{"background-color":"","background-image":"","background-repeat":"repeat","background-position":"center center","background-size":"auto","background-attachment":"scroll","background-type":"","background-media":"","overlay-type":"","overlay-color":"","overlay-opacity":"","overlay-gradient":""},"tablet":{"background-color":"","background-image":"","background-repeat":"repeat","background-position":"center center","background-size":"auto","background-attachment":"scroll","background-type":"","background-media":"","overlay-type":"","overlay-color":"","overlay-opacity":"","overlay-gradient":""},"mobile":{"background-color":"","background-image":"","background-repeat":"repeat","background-position":"center center","background-size":"auto","background-attachment":"scroll","background-type":"","background-media":"","overlay-type":"","overlay-color":"","overlay-opacity":"","overlay-gradient":""}},"ast-content-background-meta":{"desktop":{"background-color":"var(--ast-global-color-5)","background-image":"","background-repeat":"repeat","background-position":"center center","background-size":"auto","background-attachment":"scroll","background-type":"","background-media":"","overlay-type":"","overlay-color":"","overlay-opacity":"","overlay-gradient":""},"tablet":{"background-color":"var(--ast-global-color-5)","background-image":"","background-repeat":"repeat","background-position":"center center","background-size":"auto","background-attachment":"scroll","background-type":"","background-media":"","overlay-type":"","overlay-color":"","overlay-opacity":"","overlay-gradient":""},"mobile":{"background-color":"var(--ast-global-color-5)","background-image":"","background-repeat":"repeat","background-position":"center center","background-size":"auto","background-attachment":"scroll","background-type":"","background-media":"","overlay-type":"","overlay-color":"","overlay-opacity":"","overlay-gradient":""}},"footnotes":""},"class_list":["post-7369","page","type-page","status-publish","has-post-thumbnail","hentry"],"acf":[],"_links":{"self":[{"href":"https:\/\/www.pvl-vzw.be\/fr\/wp-json\/wp\/v2\/pages\/7369","targetHints":{"allow":["GET"]}}],"collection":[{"href":"https:\/\/www.pvl-vzw.be\/fr\/wp-json\/wp\/v2\/pages"}],"about":[{"href":"https:\/\/www.pvl-vzw.be\/fr\/wp-json\/wp\/v2\/types\/page"}],"author":[{"embeddable":true,"href":"https:\/\/www.pvl-vzw.be\/fr\/wp-json\/wp\/v2\/users\/1"}],"replies":[{"embeddable":true,"href":"https:\/\/www.pvl-vzw.be\/fr\/wp-json\/wp\/v2\/comments?post=7369"}],"version-history":[{"count":23,"href":"https:\/\/www.pvl-vzw.be\/fr\/wp-json\/wp\/v2\/pages\/7369\/revisions"}],"predecessor-version":[{"id":7972,"href":"https:\/\/www.pvl-vzw.be\/fr\/wp-json\/wp\/v2\/pages\/7369\/revisions\/7972"}],"up":[{"embeddable":true,"href":"https:\/\/www.pvl-vzw.be\/fr\/wp-json\/wp\/v2\/pages\/540"}],"wp:featuredmedia":[{"embeddable":true,"href":"https:\/\/www.pvl-vzw.be\/fr\/wp-json\/wp\/v2\/media\/7371"}],"wp:attachment":[{"href":"https:\/\/www.pvl-vzw.be\/fr\/wp-json\/wp\/v2\/media?parent=7369"}],"curies":[{"name":"wp","href":"https:\/\/api.w.org\/{rel}","templated":true}]}}