{"id":7318,"date":"2025-12-03T11:19:30","date_gmt":"2025-12-03T11:19:30","guid":{"rendered":"https:\/\/www.pvl-vzw.be\/?page_id=7318"},"modified":"2025-12-16T08:40:18","modified_gmt":"2025-12-16T08:40:18","slug":"rekentoolveldbonen","status":"publish","type":"page","link":"https:\/\/www.pvl-vzw.be\/fr\/rekentoolveldbonen\/","title":{"rendered":"Outil de calcul pour les haricots verts"},"content":{"rendered":"<div data-elementor-type=\"wp-page\" data-elementor-id=\"7318\" class=\"elementor elementor-7318\" data-elementor-post-type=\"page\">\n\t\t\t\t<div class=\"elementor-element elementor-element-98fe95a e-flex e-con-boxed e-con e-parent\" data-id=\"98fe95a\" data-element_type=\"container\" data-e-type=\"container\">\n\t\t\t\t\t<div class=\"e-con-inner\">\n\t\t<div class=\"elementor-element elementor-element-c6a5f3c e-con-full e-flex e-con e-child\" data-id=\"c6a5f3c\" data-element_type=\"container\" data-e-type=\"container\">\n\t\t\t\t<div class=\"elementor-element elementor-element-51eeda2 elementor-widget elementor-widget-image\" data-id=\"51eeda2\" data-element_type=\"widget\" data-e-type=\"widget\" data-widget_type=\"image.default\">\n\t\t\t\t<div class=\"elementor-widget-container\">\n\t\t\t\t\t\t\t\t\t\t\t\t\t\t\t<img fetchpriority=\"high\" decoding=\"async\" width=\"1024\" height=\"819\" src=\"https:\/\/www.pvl-vzw.be\/wp-content\/uploads\/2025\/12\/20230522_161300-1-1024x819.jpg\" class=\"attachment-large size-large wp-image-7380\" alt=\"\" srcset=\"https:\/\/www.pvl-vzw.be\/wp-content\/uploads\/2025\/12\/20230522_161300-1-1024x819.jpg 1024w, https:\/\/www.pvl-vzw.be\/wp-content\/uploads\/2025\/12\/20230522_161300-1-300x240.jpg 300w, https:\/\/www.pvl-vzw.be\/wp-content\/uploads\/2025\/12\/20230522_161300-1-768x614.jpg 768w, https:\/\/www.pvl-vzw.be\/wp-content\/uploads\/2025\/12\/20230522_161300-1-1536x1229.jpg 1536w, https:\/\/www.pvl-vzw.be\/wp-content\/uploads\/2025\/12\/20230522_161300-1-2048x1638.jpg 2048w, https:\/\/www.pvl-vzw.be\/wp-content\/uploads\/2025\/12\/20230522_161300-1-15x12.jpg 15w\" sizes=\"(max-width: 1024px) 100vw, 1024px\" \/>\t\t\t\t\t\t\t\t\t\t\t\t\t\t\t<\/div>\n\t\t\t\t<\/div>\n\t\t\t\t<\/div>\n\t\t<div class=\"elementor-element elementor-element-c692202 e-con-full e-flex e-con e-child\" data-id=\"c692202\" data-element_type=\"container\" data-e-type=\"container\" data-settings=\"{&quot;background_background&quot;:&quot;classic&quot;}\">\n\t\t\t\t<div class=\"elementor-element elementor-element-3e3c1a3 elementor-widget elementor-widget-heading\" data-id=\"3e3c1a3\" data-element_type=\"widget\" data-e-type=\"widget\" data-widget_type=\"heading.default\">\n\t\t\t\t<div class=\"elementor-widget-container\">\n\t\t\t\t\t<h2 class=\"elementor-heading-title elementor-size-default\">Outil de calcul pour les haricots de plein champ<\/h2>\t\t\t\t<\/div>\n\t\t\t\t<\/div>\n\t\t\t\t<\/div>\n\t\t\t\t\t<\/div>\n\t\t\t\t<\/div>\n\t\t<div class=\"elementor-element elementor-element-bd01819 e-flex e-con-boxed e-con e-parent\" data-id=\"bd01819\" data-element_type=\"container\" data-e-type=\"container\">\n\t\t\t\t\t<div class=\"e-con-inner\">\n\t\t\t\t<div class=\"elementor-element elementor-element-4fd11c9 elementor-widget elementor-widget-spacer\" data-id=\"4fd11c9\" data-element_type=\"widget\" data-e-type=\"widget\" data-widget_type=\"spacer.default\">\n\t\t\t\t<div class=\"elementor-widget-container\">\n\t\t\t\t\t\t\t<div class=\"elementor-spacer\">\n\t\t\t<div class=\"elementor-spacer-inner\"><\/div>\n\t\t<\/div>\n\t\t\t\t\t\t<\/div>\n\t\t\t\t<\/div>\n\t\t\t\t<div class=\"elementor-element elementor-element-9c3e91f elementor-widget elementor-widget-text-editor\" data-id=\"9c3e91f\" data-element_type=\"widget\" data-e-type=\"widget\" data-widget_type=\"text-editor.default\">\n\t\t\t\t<div class=\"elementor-widget-container\">\n\t\t\t\t\t\t\t\t\t<p>Vous souhaitez vous lancer dans une nouvelle culture dans votre exploitation ? R\u00e9fl\u00e9chissez bien avant de vous lancer. Une culture ou un fourrage comme les f\u00e8ves offre un potentiel consid\u00e9rable, mais comment calculer ce potentiel ? En effet, le march\u00e9 n'est pas (encore) bien d\u00e9velopp\u00e9 et les co\u00fbts de culture et les rendements sont souvent mal connus. Le grillage est \u00e9galement une technique qui ne nous est pas famili\u00e8re dans le domaine des cultures arables courantes. C'est pourquoi nous avons cr\u00e9\u00e9 un outil pratique qui permet aux agriculteurs et aux \u00e9leveurs d'estimer la valeur de la culture. En effet, compte tenu des fortes fluctuations de prix, il est important de calculer soi-m\u00eame plusieurs sc\u00e9narios. Des valeurs par d\u00e9faut sont d\u00e9j\u00e0 renseign\u00e9es et des valeurs indicatives sont \u00e9galement mentionn\u00e9es. Le rendement d\u00e9pend par exemple fortement du type de sol. Plus vous adaptez les diff\u00e9rents param\u00e8tres \u00e0 la situation sp\u00e9cifique de votre exploitation, plus le r\u00e9sultat sera proche de la r\u00e9alit\u00e9.<\/p>\t\t\t\t\t\t\t\t<\/div>\n\t\t\t\t<\/div>\n\t\t\t\t\t<\/div>\n\t\t\t\t<\/div>\n\t\t<div class=\"elementor-element elementor-element-c75d863 e-flex e-con-boxed e-con e-parent\" data-id=\"c75d863\" data-element_type=\"container\" data-e-type=\"container\">\n\t\t\t\t\t<div class=\"e-con-inner\">\n\t\t<div class=\"elementor-element elementor-element-4e5157b e-con-full e-flex e-con e-child\" data-id=\"4e5157b\" data-element_type=\"container\" data-e-type=\"container\">\n\t\t\t\t<div class=\"elementor-element elementor-element-bbcdfe0 elementor-widget elementor-widget-image\" data-id=\"bbcdfe0\" data-element_type=\"widget\" data-e-type=\"widget\" data-widget_type=\"image.default\">\n\t\t\t\t<div class=\"elementor-widget-container\">\n\t\t\t\t\t\t\t\t\t\t\t\t\t\t\t<img decoding=\"async\" width=\"985\" height=\"558\" src=\"https:\/\/www.pvl-vzw.be\/wp-content\/uploads\/2025\/12\/veldbonentool.png\" class=\"attachment-large size-large wp-image-7389\" alt=\"\" srcset=\"https:\/\/www.pvl-vzw.be\/wp-content\/uploads\/2025\/12\/veldbonentool.png 985w, https:\/\/www.pvl-vzw.be\/wp-content\/uploads\/2025\/12\/veldbonentool-300x170.png 300w, https:\/\/www.pvl-vzw.be\/wp-content\/uploads\/2025\/12\/veldbonentool-768x435.png 768w, https:\/\/www.pvl-vzw.be\/wp-content\/uploads\/2025\/12\/veldbonentool-18x10.png 18w\" sizes=\"(max-width: 985px) 100vw, 985px\" \/>\t\t\t\t\t\t\t\t\t\t\t\t\t\t\t<\/div>\n\t\t\t\t<\/div>\n\t\t\t\t<\/div>\n\t\t<div class=\"elementor-element elementor-element-75b147f e-con-full e-flex e-con e-child\" data-id=\"75b147f\" data-element_type=\"container\" data-e-type=\"container\">\n\t\t\t\t<div class=\"elementor-element elementor-element-92d3106 elementor-widget elementor-widget-text-editor\" data-id=\"92d3106\" data-element_type=\"widget\" data-e-type=\"widget\" data-widget_type=\"text-editor.default\">\n\t\t\t\t<div class=\"elementor-widget-container\">\n\t\t\t\t\t\t\t\t\t<p>Il s'agit d'un outil simple bas\u00e9 sur une feuille de calcul.\u00a0<\/p>\t\t\t\t\t\t\t\t<\/div>\n\t\t\t\t<\/div>\n\t\t\t\t<div class=\"elementor-element elementor-element-b76e5dc elementor-align-center elementor-widget elementor-widget-button\" data-id=\"b76e5dc\" data-element_type=\"widget\" data-e-type=\"widget\" data-widget_type=\"button.default\">\n\t\t\t\t<div class=\"elementor-widget-container\">\n\t\t\t\t\t\t\t\t\t<div class=\"elementor-button-wrapper\">\n\t\t\t\t\t<a class=\"elementor-button elementor-button-link elementor-size-sm\" href=\"https:\/\/www.pvl-vzw.be\/wp-content\/uploads\/2025\/12\/Rekentool_Veldbonen.xlsx\">\n\t\t\t\t\t\t<span class=\"elementor-button-content-wrapper\">\n\t\t\t\t\t\t\t\t\t<span class=\"elementor-button-text\">Cliquez ici pour acc\u00e9der \u00e0 l'outil<\/span>\n\t\t\t\t\t<\/span>\n\t\t\t\t\t<\/a>\n\t\t\t\t<\/div>\n\t\t\t\t\t\t\t\t<\/div>\n\t\t\t\t<\/div>\n\t\t\t\t<div class=\"elementor-element elementor-element-7b3a481 elementor-widget elementor-widget-text-editor\" data-id=\"7b3a481\" data-element_type=\"widget\" data-e-type=\"widget\" data-widget_type=\"text-editor.default\">\n\t\t\t\t<div class=\"elementor-widget-container\">\n\t\t\t\t\t\t\t\t\t<p>L'outil comprend 3 onglets. Le premier onglet comprend les <strong>co\u00fbts de culture et rendements<\/strong>. Les cellules jaunes peuvent \u00eatre adapt\u00e9es \u00e0 la situation de votre entreprise ou de votre r\u00e9gion. L'outil calcule ensuite votre solde de culture et le prix de vente permettant d'atteindre le seuil de rentabilit\u00e9.<\/p>\t\t\t\t\t\t\t\t<\/div>\n\t\t\t\t<\/div>\n\t\t\t\t<\/div>\n\t\t\t\t\t<\/div>\n\t\t\t\t<\/div>\n\t\t<div class=\"elementor-element elementor-element-2b4e005 e-flex e-con-boxed e-con e-parent\" data-id=\"2b4e005\" data-element_type=\"container\" data-e-type=\"container\">\n\t\t\t\t\t<div class=\"e-con-inner\">\n\t\t\t\t<div class=\"elementor-element elementor-element-b6d34eb elementor-widget elementor-widget-text-editor\" data-id=\"b6d34eb\" data-element_type=\"widget\" data-e-type=\"widget\" data-widget_type=\"text-editor.default\">\n\t\t\t\t<div class=\"elementor-widget-container\">\n\t\t\t\t\t\t\t\t\t<p>Le deuxi\u00e8me onglet calcule le\u00a0<strong>valeur nutritive\u00a0<\/strong>sur la base de\u00a0<a href=\"http:\/\/www.voederwaardeprijzen.nl\/\" target=\"_blank\" rel=\"noopener\">www.voederwaardeprijzen.nl<\/a>. Les prix nutritionnels sont mis \u00e0 jour chaque mois, y compris dans l'outil. Si vous souhaitez les modifier, c'est possible. Reprenez les chiffres du tableau pour VEM (jaune) ou VEVI (bleu) selon que vous travaillez avec des bovins laitiers ou bovins de boucherie, et convertissez-les de centimes en euros.<\/p><p>Vous pouvez \u00e9galement calculer l'avantage que vous obtiendriez en rempla\u00e7ant les aliments concentr\u00e9s, le soja et\/ou la farine de ma\u00efs par des f\u00e8ves.<\/p><p>Le troisi\u00e8me onglet calcule dans quelle mesure laisser<strong>\u00a0toast<\/strong>\u00a0justifiable en termes de valeur ajout\u00e9e. L\u00e0 encore, vous pouvez \u00e9ventuellement ajuster les prix des suppl\u00e9ments VEM et DVE en fonction des prix actuels de la valeur nutritive. Si le prix des prot\u00e9ines est \u00e9lev\u00e9, le toastage sera en effet amorti plus rapidement.<\/p>\t\t\t\t\t\t\t\t<\/div>\n\t\t\t\t<\/div>\n\t\t\t\t<div class=\"elementor-element elementor-element-cb492c8 elementor-widget elementor-widget-spacer\" data-id=\"cb492c8\" data-element_type=\"widget\" data-e-type=\"widget\" data-widget_type=\"spacer.default\">\n\t\t\t\t<div class=\"elementor-widget-container\">\n\t\t\t\t\t\t\t<div class=\"elementor-spacer\">\n\t\t\t<div class=\"elementor-spacer-inner\"><\/div>\n\t\t<\/div>\n\t\t\t\t\t\t<\/div>\n\t\t\t\t<\/div>\n\t\t\t\t<div class=\"elementor-element elementor-element-a2668fd elementor-widget elementor-widget-text-editor\" data-id=\"a2668fd\" data-element_type=\"widget\" data-e-type=\"widget\" data-widget_type=\"text-editor.default\">\n\t\t\t\t<div class=\"elementor-widget-container\">\n\t\t\t\t\t\t\t\t\t<p>Cet outil a \u00e9t\u00e9 d\u00e9velopp\u00e9 dans le cadre du\u00a0<a href=\"https:\/\/www.pvl-vzw.be\/fr\/projecten\/veldbonen-van-veld-tot-voer\/\"><strong>Projet de relance \u2018 Les f\u00e8ves de terre, du champ \u00e0 l'alimentation animale \u2019<\/strong><\/a><\/p>\t\t\t\t\t\t\t\t<\/div>\n\t\t\t\t<\/div>\n\t\t\t\t\t<\/div>\n\t\t\t\t<\/div>\n\t\t<div class=\"elementor-element elementor-element-6f081c6 e-con-full e-flex e-con e-parent\" data-id=\"6f081c6\" data-element_type=\"container\" data-e-type=\"container\">\n\t\t\t\t<div class=\"elementor-element elementor-element-57f636c elementor-widget elementor-widget-image\" data-id=\"57f636c\" data-element_type=\"widget\" data-e-type=\"widget\" data-widget_type=\"image.default\">\n\t\t\t\t<div class=\"elementor-widget-container\">\n\t\t\t\t\t\t\t\t\t\t\t\t\t\t\t<img decoding=\"async\" width=\"900\" height=\"593\" src=\"https:\/\/www.pvl-vzw.be\/wp-content\/uploads\/2025\/12\/logos-veldbonen.png\" class=\"attachment-large size-large wp-image-7390\" alt=\"\" srcset=\"https:\/\/www.pvl-vzw.be\/wp-content\/uploads\/2025\/12\/logos-veldbonen.png 900w, https:\/\/www.pvl-vzw.be\/wp-content\/uploads\/2025\/12\/logos-veldbonen-300x198.png 300w, https:\/\/www.pvl-vzw.be\/wp-content\/uploads\/2025\/12\/logos-veldbonen-768x506.png 768w, https:\/\/www.pvl-vzw.be\/wp-content\/uploads\/2025\/12\/logos-veldbonen-18x12.png 18w\" sizes=\"(max-width: 900px) 100vw, 900px\" \/>\t\t\t\t\t\t\t\t\t\t\t\t\t\t\t<\/div>\n\t\t\t\t<\/div>\n\t\t\t\t<\/div>\n\t\t\t\t<\/div>","protected":false},"excerpt":{"rendered":"<p>Rekentool veldbonen Wil je met een nieuwe teelt op je bedrijf starten? Bezin dan voor je begint. Een teelt of voeder als veldbonen biedt heel wat potentieel, maar hoe bereken je dat potentieel? De markt is immers (nog) niet goed ontwikkeld en zijn teeltkosten en opbrengsten vaak niet goed gekend. Ook het toasten is iets [&hellip;]<\/p>\n","protected":false},"author":1,"featured_media":7380,"parent":0,"menu_order":0,"comment_status":"closed","ping_status":"closed","template":"","meta":{"_acf_changed":false,"site-sidebar-layout":"default","site-content-layout":"","ast-site-content-layout":"default","site-content-style":"default","site-sidebar-style":"default","ast-global-header-display":"","ast-banner-title-visibility":"","ast-main-header-display":"","ast-hfb-above-header-display":"","ast-hfb-below-header-display":"","ast-hfb-mobile-header-display":"","site-post-title":"disabled","ast-breadcrumbs-content":"","ast-featured-img":"","footer-sml-layout":"","ast-disable-related-posts":"","theme-transparent-header-meta":"default","adv-header-id-meta":"","stick-header-meta":"","header-above-stick-meta":"","header-main-stick-meta":"","header-below-stick-meta":"","astra-migrate-meta-layouts":"set","ast-page-background-enabled":"default","ast-page-background-meta":{"desktop":{"background-color":"","background-image":"","background-repeat":"repeat","background-position":"center center","background-size":"auto","background-attachment":"scroll","background-type":"","background-media":"","overlay-type":"","overlay-color":"","overlay-opacity":"","overlay-gradient":""},"tablet":{"background-color":"","background-image":"","background-repeat":"repeat","background-position":"center center","background-size":"auto","background-attachment":"scroll","background-type":"","background-media":"","overlay-type":"","overlay-color":"","overlay-opacity":"","overlay-gradient":""},"mobile":{"background-color":"","background-image":"","background-repeat":"repeat","background-position":"center center","background-size":"auto","background-attachment":"scroll","background-type":"","background-media":"","overlay-type":"","overlay-color":"","overlay-opacity":"","overlay-gradient":""}},"ast-content-background-meta":{"desktop":{"background-color":"var(--ast-global-color-5)","background-image":"","background-repeat":"repeat","background-position":"center center","background-size":"auto","background-attachment":"scroll","background-type":"","background-media":"","overlay-type":"","overlay-color":"","overlay-opacity":"","overlay-gradient":""},"tablet":{"background-color":"var(--ast-global-color-5)","background-image":"","background-repeat":"repeat","background-position":"center center","background-size":"auto","background-attachment":"scroll","background-type":"","background-media":"","overlay-type":"","overlay-color":"","overlay-opacity":"","overlay-gradient":""},"mobile":{"background-color":"var(--ast-global-color-5)","background-image":"","background-repeat":"repeat","background-position":"center center","background-size":"auto","background-attachment":"scroll","background-type":"","background-media":"","overlay-type":"","overlay-color":"","overlay-opacity":"","overlay-gradient":""}},"footnotes":""},"class_list":["post-7318","page","type-page","status-publish","has-post-thumbnail","hentry"],"acf":[],"_links":{"self":[{"href":"https:\/\/www.pvl-vzw.be\/fr\/wp-json\/wp\/v2\/pages\/7318","targetHints":{"allow":["GET"]}}],"collection":[{"href":"https:\/\/www.pvl-vzw.be\/fr\/wp-json\/wp\/v2\/pages"}],"about":[{"href":"https:\/\/www.pvl-vzw.be\/fr\/wp-json\/wp\/v2\/types\/page"}],"author":[{"embeddable":true,"href":"https:\/\/www.pvl-vzw.be\/fr\/wp-json\/wp\/v2\/users\/1"}],"replies":[{"embeddable":true,"href":"https:\/\/www.pvl-vzw.be\/fr\/wp-json\/wp\/v2\/comments?post=7318"}],"version-history":[{"count":13,"href":"https:\/\/www.pvl-vzw.be\/fr\/wp-json\/wp\/v2\/pages\/7318\/revisions"}],"predecessor-version":[{"id":7564,"href":"https:\/\/www.pvl-vzw.be\/fr\/wp-json\/wp\/v2\/pages\/7318\/revisions\/7564"}],"wp:featuredmedia":[{"embeddable":true,"href":"https:\/\/www.pvl-vzw.be\/fr\/wp-json\/wp\/v2\/media\/7380"}],"wp:attachment":[{"href":"https:\/\/www.pvl-vzw.be\/fr\/wp-json\/wp\/v2\/media?parent=7318"}],"curies":[{"name":"wp","href":"https:\/\/api.w.org\/{rel}","templated":true}]}}